{"id":77,"date":"2022-07-20T17:48:15","date_gmt":"2022-07-20T15:48:15","guid":{"rendered":"https:\/\/studienstiftung-grasedieck.de\/wordpress\/?page_id=77"},"modified":"2025-05-23T12:56:08","modified_gmt":"2025-05-23T10:56:08","slug":"stiftung","status":"publish","type":"page","link":"https:\/\/studienstiftung-grasedieck.de\/wordpress\/stiftung\/","title":{"rendered":"Stiftung"},"content":{"rendered":"\n<h2 class=\"wp-block-heading\">Stiftungsziele<\/h2>\n\n\n\n<p>Die Studienstiftung Grasedieck ist von den&nbsp;<strong>Eheleuten Christa und Dr. Dieter Grasedieck<\/strong>&nbsp;am 1. Januar 2013 ins Leben gerufen worden. Die Stifter arbeiteten in ihrem Berufsleben mit Auszubildenden und Studierenden an Berufskollegs und Universit\u00e4ten in der Berufsbildung und in der P\u00e4dagogik. Die positive Erfahrung bei der Arbeit mit den interessierten und motivierten jungen Menschen haben die Stifter veranlasst, Jugendliche in ihrer Berufs- und Hochschulbildung durch eine Studienstiftung zu f\u00f6rdern.<\/p>\n\n\n\n<p>Die Ziele der Stiftung sind: die F\u00f6rderung der Wissenschaft und Forschung, die F\u00f6rderung der Erziehungs-, Volks- und Berufsbildung einschlie\u00dflich der Studienhilfe, insbesondere das Heranf\u00fchren von Kindern und Jugendlichen an das Hochschulstudium in den Schwerpunkten MINT, auch f\u00fcr die sp\u00e4tere Ausbildung als Lehrkraft an Berufsbildenden Schulen.<\/p>\n\n\n\n<p>Angestrebt wird eine enge Zusammenarbeit mit der Hochschule Ruhr West Bottrop-M\u00fclheim. Seit Jahren arbeitet die Fachhochschule mit den Sekundarschulen zusammen, um junge Menschen f\u00fcr die MINT- F\u00e4cher zu begeistern. Das Gesamtkonzept wird jetzt durch die Arbeit der Stiftung in Bottroper Grundschulen erg\u00e4nzt. Vom September 2013 bis heute erarbeitete Prof. h.c. Dr. Dieter Grasedieck mit zwei Studenten in f\u00fcnf Grundschul-Klassen in Bottrop zehn Stunden pro Woche Lerninhalte der Sachkunde durch 21 Versuche. Die Sch\u00fcler und Sch\u00fclerinnen arbeiten selbstorganisiert in kleinen Gruppen (2 -3 Sch\u00fcler\/innen) nach Versuchsanleitungen. Die zwei Studenten\/innen und die n\u00f6tigen Materialien und Versuchsger\u00e4te werden von der Studienstiftung finanziert.<\/p>\n\n\n\n<p>Seit Oktober 2014 wird die Stiftungsarbeit mit kombinierten Projektarbeiten in Gruppen aus Studierenden der Hochschule Bottrop-M\u00fclheim und Sch\u00fclern der Elektrotechnik des Bottroper Berufskollegs erg\u00e4nzt.<\/p>\n\n\n\n<h2 class=\"wp-block-heading\">Unsere Satzung<\/h2>\n\n\n\n<p><a rel=\"noreferrer noopener\" href=\"https:\/\/studienstiftung-grasedieck.de\/wordpress\/wp-content\/uploads\/2022\/07\/Satzung_Stiftung_Grasedieck.pdf\" target=\"_blank\">Satzung der Studienstiftung Grasediek<\/a> (PDF)<\/p>\n\n\n\n<p><a href=\"https:\/\/studienstiftung-grasedieck.de\/wordpress\/wp-content\/uploads\/2025\/05\/Ergaenzung_Satzung.pdf\" data-type=\"attachment\" data-id=\"405\">Erg\u00e4nzung zur Satzung<\/a> (PDF)<\/p>\n\n\n\n<h2 class=\"wp-block-heading\">Mitglieder des Kuratoriums<\/h2>\n\n\n\n<p><strong>Mitglieder im Kuratorium der Studienstiftung sind:<\/strong> Die Stiftungsgr\u00fcnder Christa und Dr. Dieter Grasedieck, die Beigeordnete und Schuldezernentin der Stadt Bottrop Karen Alexius-Eifert, die auch die Gesch\u00e4fte der Stiftung f\u00fchrt, Prof. Dr. Uwe Handmann von der Hochschule Ruhr West Bottrop-M\u00fclheim, die SPD-Ratsfrau im Rat der Stadt Bottrop Renate Palberg, der Schulleiter des Berufskollegs der Stadt Bottrop Guido Tewes und der CDU-Ratsherr im Rat der Stadt Bottrop Rainer H\u00fcrter. Das Kuratorium arbeitet stets unter Kontrolle des Rates der Stadt Bottrop.<\/p>\n\n\n\n<div class=\"wp-block-group alignwide\"><div class=\"wp-block-group__inner-container is-layout-constrained wp-block-group-is-layout-constrained\">\n<div class=\"wp-block-columns alignwide is-layout-flex wp-container-core-columns-is-layout-9d6595d7 wp-block-columns-is-layout-flex\">\n<div class=\"wp-block-column is-layout-flow wp-block-column-is-layout-flow\">\n<div class=\"wp-block-group\"><div class=\"wp-block-group__inner-container is-layout-flow wp-block-group-is-layout-flow\">\n<figure class=\"wp-block-image size-full is-resized\"><img loading=\"lazy\" decoding=\"async\" width=\"162\" height=\"208\" src=\"https:\/\/studienstiftung-grasedieck.de\/wordpress\/wp-content\/uploads\/2022\/07\/dgrasedieck.jpg\" alt=\"Dieter Grasedieck\" class=\"wp-image-92\" style=\"width:162px;height:208px\"\/><\/figure>\n\n\n\n<h5 class=\"wp-block-heading has-text-align-left has-small-font-size\">Prof. h.c. Dr. <br>Dieter Grasedieck<\/h5>\n<\/div><\/div>\n<\/div>\n\n\n\n<div class=\"wp-block-column is-layout-flow wp-block-column-is-layout-flow\">\n<div class=\"wp-block-group\"><div class=\"wp-block-group__inner-container is-layout-flow wp-block-group-is-layout-flow\">\n<figure class=\"wp-block-image size-full is-resized\"><img loading=\"lazy\" decoding=\"async\" width=\"450\" height=\"695\" src=\"https:\/\/studienstiftung-grasedieck.de\/wordpress\/wp-content\/uploads\/2025\/05\/Christa_Grasedieck.jpg\" alt=\"\" class=\"wp-image-409\" style=\"width:135px;height:auto\" srcset=\"https:\/\/studienstiftung-grasedieck.de\/wordpress\/wp-content\/uploads\/2025\/05\/Christa_Grasedieck.jpg 450w, https:\/\/studienstiftung-grasedieck.de\/wordpress\/wp-content\/uploads\/2025\/05\/Christa_Grasedieck-194x300.jpg 194w\" sizes=\"auto, (max-width: 450px) 100vw, 450px\" \/><\/figure>\n<\/div><\/div>\n\n\n\n<h5 class=\"wp-block-heading has-text-align-left has-small-font-size\">Christa Grasedieck<\/h5>\n<\/div>\n\n\n\n<div class=\"wp-block-column is-layout-flow wp-block-column-is-layout-flow\">\n<figure class=\"wp-block-image size-full is-resized\"><img loading=\"lazy\" decoding=\"async\" width=\"162\" height=\"208\" src=\"https:\/\/studienstiftung-grasedieck.de\/wordpress\/wp-content\/uploads\/2022\/07\/huerter.jpg\" alt=\"Rainer H\u00fcrter\" class=\"wp-image-94\" style=\"width:162px;height:208px\"\/><\/figure>\n\n\n\n<div class=\"wp-block-group\"><div class=\"wp-block-group__inner-container is-layout-flow wp-block-group-is-layout-flow\">\n<h5 class=\"wp-block-heading has-small-font-size\">Ratsherr <br>Rainer H\u00fcrter<\/h5>\n<\/div><\/div>\n<\/div>\n\n\n\n<div class=\"wp-block-column is-layout-flow wp-block-column-is-layout-flow\">\n<figure class=\"wp-block-image size-full is-resized\"><img loading=\"lazy\" decoding=\"async\" width=\"780\" height=\"1014\" src=\"https:\/\/studienstiftung-grasedieck.de\/wordpress\/wp-content\/uploads\/2025\/05\/Alexius_Eifert_1.jpg\" alt=\"\" class=\"wp-image-411\" style=\"width:162px;height:208px\" srcset=\"https:\/\/studienstiftung-grasedieck.de\/wordpress\/wp-content\/uploads\/2025\/05\/Alexius_Eifert_1.jpg 780w, https:\/\/studienstiftung-grasedieck.de\/wordpress\/wp-content\/uploads\/2025\/05\/Alexius_Eifert_1-231x300.jpg 231w, https:\/\/studienstiftung-grasedieck.de\/wordpress\/wp-content\/uploads\/2025\/05\/Alexius_Eifert_1-768x998.jpg 768w\" sizes=\"auto, (max-width: 780px) 100vw, 780px\" \/><\/figure>\n\n\n\n<h5 class=\"wp-block-heading has-small-font-size\">Beigeordnete<br>Karen Alexius-Eifert<\/h5>\n<\/div>\n<\/div>\n<\/div><\/div>\n\n\n\n<div class=\"wp-block-group alignwide\"><div class=\"wp-block-group__inner-container is-layout-constrained wp-block-group-is-layout-constrained\">\n<div class=\"wp-block-columns alignwide is-layout-flex wp-container-core-columns-is-layout-9d6595d7 wp-block-columns-is-layout-flex\">\n<div class=\"wp-block-column is-layout-flow wp-block-column-is-layout-flow\">\n<figure class=\"wp-block-image size-full is-resized\"><img loading=\"lazy\" decoding=\"async\" width=\"250\" height=\"375\" src=\"https:\/\/studienstiftung-grasedieck.de\/wordpress\/wp-content\/uploads\/2025\/05\/Tewes.jpg\" alt=\"\" class=\"wp-image-410\" style=\"width:145px;height:auto\" srcset=\"https:\/\/studienstiftung-grasedieck.de\/wordpress\/wp-content\/uploads\/2025\/05\/Tewes.jpg 250w, https:\/\/studienstiftung-grasedieck.de\/wordpress\/wp-content\/uploads\/2025\/05\/Tewes-200x300.jpg 200w\" sizes=\"auto, (max-width: 250px) 100vw, 250px\" \/><\/figure>\n\n\n\n<div class=\"wp-block-group\"><div class=\"wp-block-group__inner-container is-layout-flow wp-block-group-is-layout-flow\">\n<h5 class=\"wp-block-heading has-small-font-size\">Oberstudiendirektor <br>Guido Tewes<\/h5>\n<\/div><\/div>\n<\/div>\n\n\n\n<div class=\"wp-block-column is-layout-flow wp-block-column-is-layout-flow\">\n<figure class=\"wp-block-image size-full is-resized\"><img loading=\"lazy\" decoding=\"async\" width=\"162\" height=\"208\" src=\"https:\/\/studienstiftung-grasedieck.de\/wordpress\/wp-content\/uploads\/2022\/07\/palberg.jpg\" alt=\"Renate Palberg\" class=\"wp-image-96\" style=\"width:162px;height:208px\"\/><\/figure>\n\n\n\n<h5 class=\"wp-block-heading has-text-align-left has-small-font-size\">Ratsfrau <br>Renate Palberg<\/h5>\n<\/div>\n\n\n\n<div class=\"wp-block-column is-layout-flow wp-block-column-is-layout-flow\">\n<figure class=\"wp-block-image size-full is-resized\"><img loading=\"lazy\" decoding=\"async\" width=\"311\" height=\"400\" src=\"https:\/\/studienstiftung-grasedieck.de\/wordpress\/wp-content\/uploads\/2022\/07\/handmann.jpg\" alt=\"Uwe Handmann\" class=\"wp-image-93\" style=\"width:163px;height:auto\" srcset=\"https:\/\/studienstiftung-grasedieck.de\/wordpress\/wp-content\/uploads\/2022\/07\/handmann.jpg 311w, https:\/\/studienstiftung-grasedieck.de\/wordpress\/wp-content\/uploads\/2022\/07\/handmann-233x300.jpg 233w\" sizes=\"auto, (max-width: 311px) 100vw, 311px\" \/><\/figure>\n\n\n\n<h5 class=\"wp-block-heading has-small-font-size\">Prof. Dr. <br>Uwe Handmann<\/h5>\n<\/div>\n<\/div>\n<\/div><\/div>\n\n\n\n<h2 class=\"wp-block-heading\">Partner und Sponsoren<\/h2>\n\n\n\n<p>Den Studierenden, die am Unterricht in den Grundschulen mitgewirkt haben, gilt der besondere Dank. Die Studienstiftung Grasedieck freut sich \u00fcber alle, die im Sinne der Stiftung ehrenamtlich mit ihr zusammenarbeiten wollen. Bitte setzen Sie sich \u00fcber unsere Kontaktadresse mit uns in Verbindung.<\/p>\n\n\n\n<p>Die Studienstiftung Grasedieck ist froh und stolz, mit renommierten Partnern zusammen zu arbeiten. Herausragendes Beispiel ist die&nbsp;<strong>Hochschule Ruhr West, Fachhochschule Bottrop-M\u00fclheim<\/strong>.<\/p>\n\n\n\n<p>Bildung kostet Geld. Umso mehr freuen wir uns auch \u00fcber finanzielle Unterst\u00fctzung. Wer die Ziele der Studienstiftung Grasedieck durch Spenden unterst\u00fctzen m\u00f6chte, kann dies gerne tun. Spenden sind im Sinne des Paragraphen \u2026. des Steuergesetzes absetzbar. Treten Sie bitte \u00fcber unsere Kontaktm\u00f6glichkeiten mit uns in Verbindung.<\/p>\n","protected":false},"excerpt":{"rendered":"<p>Stiftungsziele Die Studienstiftung Grasedieck ist von den&nbsp;Eheleuten Christa und Dr. Dieter Grasedieck&nbsp;am 1. Januar 2013 ins Leben gerufen worden. Die Stifter arbeiteten in ihrem Berufsleben mit Auszubildenden und Studierenden an Berufskollegs und Universit\u00e4ten in der Berufsbildung und in der P\u00e4dagogik. Die positive Erfahrung bei der Arbeit mit den interessierten und motivierten jungen Menschen haben die [&hellip;]<\/p>\n","protected":false},"author":2,"featured_media":0,"parent":0,"menu_order":0,"comment_status":"closed","ping_status":"closed","template":"","meta":{"footnotes":""},"class_list":["post-77","page","type-page","status-publish","hentry"],"_links":{"self":[{"href":"https:\/\/studienstiftung-grasedieck.de\/wordpress\/wp-json\/wp\/v2\/pages\/77","targetHints":{"allow":["GET"]}}],"collection":[{"href":"https:\/\/studienstiftung-grasedieck.de\/wordpress\/wp-json\/wp\/v2\/pages"}],"about":[{"href":"https:\/\/studienstiftung-grasedieck.de\/wordpress\/wp-json\/wp\/v2\/types\/page"}],"author":[{"embeddable":true,"href":"https:\/\/studienstiftung-grasedieck.de\/wordpress\/wp-json\/wp\/v2\/users\/2"}],"replies":[{"embeddable":true,"href":"https:\/\/studienstiftung-grasedieck.de\/wordpress\/wp-json\/wp\/v2\/comments?post=77"}],"version-history":[{"count":9,"href":"https:\/\/studienstiftung-grasedieck.de\/wordpress\/wp-json\/wp\/v2\/pages\/77\/revisions"}],"predecessor-version":[{"id":485,"href":"https:\/\/studienstiftung-grasedieck.de\/wordpress\/wp-json\/wp\/v2\/pages\/77\/revisions\/485"}],"wp:attachment":[{"href":"https:\/\/studienstiftung-grasedieck.de\/wordpress\/wp-json\/wp\/v2\/media?parent=77"}],"curies":[{"name":"wp","href":"https:\/\/api.w.org\/{rel}","templated":true}]}}