{"id":443,"date":"2025-05-20T11:59:51","date_gmt":"2025-05-20T09:59:51","guid":{"rendered":"https:\/\/studienstiftung-grasedieck.de\/wordpress\/?page_id=443"},"modified":"2025-05-20T11:59:51","modified_gmt":"2025-05-20T09:59:51","slug":"verkehrssicherheit-hautnah-erleben-projekttag-zu-mobilitaet-und-co-am-bkb","status":"publish","type":"page","link":"https:\/\/studienstiftung-grasedieck.de\/wordpress\/verkehrssicherheit-hautnah-erleben-projekttag-zu-mobilitaet-und-co-am-bkb\/","title":{"rendered":"Verkehrssicherheit hautnah erleben: Projekttag zu Mobilit\u00e4t und Co. am BKB"},"content":{"rendered":"\n<p>Die Anzahl der zugelassenen Pkw steigt Jahr f\u00fcr Jahr, immer mehr und immer j\u00fcngere Fahranf\u00e4ngerinnen und Fahranf\u00e4nger sind auf Deutschlands Stra\u00dfen zu finden. Grund genug f\u00fcr das BKB einen Verkehrssicherheitstag zu organisieren, um auf die Risiken, Gefahren und Unw\u00e4gbarkeiten im Stra\u00dfenverkehr aufmerksam zu machen \u2013 kombiniert mit einem geh\u00f6rigen Schuss Nachhaltigkeit, denn auch Gedanken zu moderner, umweltschonender Fortbewegung lie\u00df das Organisationsteam, angef\u00fchrt von Lehrerin Melanie H\u00fc\u00dfhoff, mit in den Tag einflie\u00dfen.<\/p>\n\n\n\n<figure class=\"wp-block-image size-full\"><img loading=\"lazy\" decoding=\"async\" width=\"450\" height=\"675\" src=\"https:\/\/studienstiftung-grasedieck.de\/wordpress\/wp-content\/uploads\/2025\/05\/Verkehrssicherheit.jpg\" alt=\"\" class=\"wp-image-435\" srcset=\"https:\/\/studienstiftung-grasedieck.de\/wordpress\/wp-content\/uploads\/2025\/05\/Verkehrssicherheit.jpg 450w, https:\/\/studienstiftung-grasedieck.de\/wordpress\/wp-content\/uploads\/2025\/05\/Verkehrssicherheit-200x300.jpg 200w\" sizes=\"auto, (max-width: 450px) 100vw, 450px\" \/><\/figure>\n\n\n\n<p>Gemeinsam mit ihren Kolleginnen und Kollegen des Teams Nachhaltigkeit (Sandra K\u00f6ster, Sandra Tavilla, Anja Seegert, Dr. Ulrike Ufer und Martin Henke) sowie mit tatkr\u00e4ftiger Unterst\u00fctzung der Verkehrswacht Bottrop unter der Leitung von Bernd Lohbeck, fand kurz vor Schuljahresende ein vollgepackter Tag am BKB statt. \u201eDank der zahlreichen Partner, darunter die Landschaftsverband Westfalen-Lippe, Stadtsportbund, Barmer, Polizei Bottrop\/Gladbeck, die Verkehrswachten Minden, Wesel und Dortmund sowie das Land NRW mit dem Projekt <em>Jung.Sicher.Startklar<\/em>. und die Studienstiftung Grasedieck konnten die Sch\u00fclerinnen und Sch\u00fcler einen Tag voller lehrreicher und spannender Aktivit\u00e4ten erleben\u201c, so Melanie H\u00fc\u00dfhoff zusammenfassend.<\/p>\n\n\n\n<figure class=\"wp-block-image size-full\"><img loading=\"lazy\" decoding=\"async\" width=\"800\" height=\"533\" src=\"https:\/\/studienstiftung-grasedieck.de\/wordpress\/wp-content\/uploads\/2025\/05\/Verkehrssicherheit2.jpg\" alt=\"\" class=\"wp-image-433\" srcset=\"https:\/\/studienstiftung-grasedieck.de\/wordpress\/wp-content\/uploads\/2025\/05\/Verkehrssicherheit2.jpg 800w, https:\/\/studienstiftung-grasedieck.de\/wordpress\/wp-content\/uploads\/2025\/05\/Verkehrssicherheit2-300x200.jpg 300w, https:\/\/studienstiftung-grasedieck.de\/wordpress\/wp-content\/uploads\/2025\/05\/Verkehrssicherheit2-768x512.jpg 768w\" sizes=\"auto, (max-width: 800px) 100vw, 800px\" \/><\/figure>\n\n\n\n<p>Die Sch\u00fclerinnen und Sch\u00fcler hatten bspw. die M\u00f6glichkeit, an verschiedenen Simulationen teilzunehmen. Besonders beeindruckend waren der Motorrad-(Roller-)Simulator, der E-Scooter-Simulator und der PKW-Simulator. Diese Simulationen vermittelten den Sch\u00fclern ein realistisches Gef\u00fchl f\u00fcr das Fahren und die damit verbundenen Gefahren. Auch die Ablenkungssimulation, der Gurtschlitten und der \u00dcberschlagssimulator waren Highlights, die der BKB-Sch\u00fclerschaft eindr\u00fccklich vor Augen f\u00fchrten, wie wichtig Aufmerksamkeit und Sicherheitsgurte im Stra\u00dfenverkehr sind.<\/p>\n\n\n\n<p>Neben den Simulationen wurde viel Wert auf die theoretische und praktische Vorbereitung gelegt. Das Kollegium nutzte dabei u. a. Materialien des Landesprojekts <em>Jung.Sicher.Startklar.<\/em> sowie Rauschbrillen und VR-Brillen, um den Sch\u00fclerinnen und Sch\u00fclern die Gefahren von Alkohol und Ablenkung im Stra\u00dfenverkehr n\u00e4herzubringen. \u201eEin weiterer wichtiger Bestandteil war die praktische Erkundung der Verkehrssituation in Bottrop. Viele Klassen testeten den \u00f6ffentlichen Personennahverkehr (\u00d6PNV) und die Fahrradwege in der Umgebung, um ein Gef\u00fchl f\u00fcr die Sicherheit im Alltag zu bekommen\u201c, berichtet H\u00fc\u00dfhoff erfreut, dass diverse Lerngruppen sich extern fit in Sachen Verkehr und nachhaltige Mobilit\u00e4t machten.<\/p>\n\n\n\n<p>Abschlie\u00dfend l\u00e4sst sich sagen, dass der Projekttag nicht nur informativ, sondern auch sehr praxisnah und eindrucksvoll gestaltet war. \u201eDie realit\u00e4tsnahen \u00dcbungen und die direkte Anwendung des Gelernten im Alltag haben dazu beigetragen, dass das Bewusstsein f\u00fcr sicheres Verhalten im Stra\u00dfenverkehr nachhaltig gest\u00e4rkt wurde\u201c, schloss Melanie H\u00fc\u00dfhoff ihr Fazit zum Tag: \u201eWir danken allen Beteiligten f\u00fcr die Organisation. Ein besonderer Dank gilt auch unseren Partnern Studienstiftung Christa und Dr. Dieter Grasedieck f\u00fcr ihre Unterst\u00fctzung und ihr Engagement<\/p>\n\n\n\n<figure class=\"wp-block-image size-full\"><img loading=\"lazy\" decoding=\"async\" width=\"800\" height=\"533\" src=\"https:\/\/studienstiftung-grasedieck.de\/wordpress\/wp-content\/uploads\/2025\/05\/Verkehrssicherheit1.jpg\" alt=\"\" class=\"wp-image-434\" srcset=\"https:\/\/studienstiftung-grasedieck.de\/wordpress\/wp-content\/uploads\/2025\/05\/Verkehrssicherheit1.jpg 800w, https:\/\/studienstiftung-grasedieck.de\/wordpress\/wp-content\/uploads\/2025\/05\/Verkehrssicherheit1-300x200.jpg 300w, https:\/\/studienstiftung-grasedieck.de\/wordpress\/wp-content\/uploads\/2025\/05\/Verkehrssicherheit1-768x512.jpg 768w\" sizes=\"auto, (max-width: 800px) 100vw, 800px\" \/><\/figure>\n\n\n\n<p>Ebenfalls am Projekttag dabei war der ADFC, der Allgemeine Deutsche Fahrrad-Club, Zweigstelle Bottrop\/Kirchhellen, in Person von Heinz Brockmann, der zum einen zwei Fahrr\u00e4der selbst mitbrachte und zum anderen diese daf\u00fcr nutzte, um u. a. gefl\u00fcchteten Sch\u00fclerinnen und Sch\u00fclern aus Kriegsgebieten das Fahrradfahren n\u00e4herzubringen. Dazu wurde ein Parcours aufgebaut, die Geschicklichkeit trainiert und das generelle Gef\u00fchl f\u00fcr das Rad gesteigert.<\/p>\n","protected":false},"excerpt":{"rendered":"<p>Die Anzahl der zugelassenen Pkw steigt Jahr f\u00fcr Jahr, immer mehr und immer j\u00fcngere Fahranf\u00e4ngerinnen und Fahranf\u00e4nger sind auf Deutschlands Stra\u00dfen zu finden. Grund genug f\u00fcr das BKB einen Verkehrssicherheitstag zu organisieren, um auf die Risiken, Gefahren und Unw\u00e4gbarkeiten im Stra\u00dfenverkehr aufmerksam zu machen \u2013 kombiniert mit einem geh\u00f6rigen Schuss Nachhaltigkeit, denn auch Gedanken zu [&hellip;]<\/p>\n","protected":false},"author":3,"featured_media":0,"parent":0,"menu_order":0,"comment_status":"closed","ping_status":"closed","template":"","meta":{"footnotes":""},"class_list":["post-443","page","type-page","status-publish","hentry"],"_links":{"self":[{"href":"https:\/\/studienstiftung-grasedieck.de\/wordpress\/wp-json\/wp\/v2\/pages\/443","targetHints":{"allow":["GET"]}}],"collection":[{"href":"https:\/\/studienstiftung-grasedieck.de\/wordpress\/wp-json\/wp\/v2\/pages"}],"about":[{"href":"https:\/\/studienstiftung-grasedieck.de\/wordpress\/wp-json\/wp\/v2\/types\/page"}],"author":[{"embeddable":true,"href":"https:\/\/studienstiftung-grasedieck.de\/wordpress\/wp-json\/wp\/v2\/users\/3"}],"replies":[{"embeddable":true,"href":"https:\/\/studienstiftung-grasedieck.de\/wordpress\/wp-json\/wp\/v2\/comments?post=443"}],"version-history":[{"count":1,"href":"https:\/\/studienstiftung-grasedieck.de\/wordpress\/wp-json\/wp\/v2\/pages\/443\/revisions"}],"predecessor-version":[{"id":444,"href":"https:\/\/studienstiftung-grasedieck.de\/wordpress\/wp-json\/wp\/v2\/pages\/443\/revisions\/444"}],"wp:attachment":[{"href":"https:\/\/studienstiftung-grasedieck.de\/wordpress\/wp-json\/wp\/v2\/media?parent=443"}],"curies":[{"name":"wp","href":"https:\/\/api.w.org\/{rel}","templated":true}]}}