{"id":441,"date":"2025-05-20T11:58:27","date_gmt":"2025-05-20T09:58:27","guid":{"rendered":"https:\/\/studienstiftung-grasedieck.de\/wordpress\/?page_id=441"},"modified":"2025-05-20T11:58:27","modified_gmt":"2025-05-20T09:58:27","slug":"gedenktafel-im-lichthof-erinnert-an-graeueltaten-aus-der-ns-zeit","status":"publish","type":"page","link":"https:\/\/studienstiftung-grasedieck.de\/wordpress\/gedenktafel-im-lichthof-erinnert-an-graeueltaten-aus-der-ns-zeit\/","title":{"rendered":"Gedenktafel im Lichthof erinnert an Gr\u00e4ueltaten aus der NS-Zeit"},"content":{"rendered":"\n<p>OB Bernd Tischler enth\u00fcllt die auf Initiative einiger BKB-Lehrer*innen entstandene Gedenktafel im Lichthof.<\/p>\n\n\n\n<p>Von<\/p>\n\n\n\n<p><a href=\"https:\/\/bottroper-zeitung.de\/profil\/oliver-gottemeier\/\">Oliver Gottemeier<\/a><\/p>\n\n\n\n<p>20. November 2023<\/p>\n\n\n\n<p><a href=\"https:\/\/bottroper-zeitung.de\/gedenktafel-im-lichthof-erinnert-an-graeueltaten-aus-der-ns-zeit\/#\"><\/a><\/p>\n\n\n\n<figure class=\"wp-block-image size-large\"><img loading=\"lazy\" decoding=\"async\" width=\"1024\" height=\"683\" src=\"https:\/\/studienstiftung-grasedieck.de\/wordpress\/wp-content\/uploads\/2025\/05\/Tischler_Lichthof-1024x683.jpg\" alt=\"\" class=\"wp-image-422\" srcset=\"https:\/\/studienstiftung-grasedieck.de\/wordpress\/wp-content\/uploads\/2025\/05\/Tischler_Lichthof-1024x683.jpg 1024w, https:\/\/studienstiftung-grasedieck.de\/wordpress\/wp-content\/uploads\/2025\/05\/Tischler_Lichthof-300x200.jpg 300w, https:\/\/studienstiftung-grasedieck.de\/wordpress\/wp-content\/uploads\/2025\/05\/Tischler_Lichthof-768x512.jpg 768w, https:\/\/studienstiftung-grasedieck.de\/wordpress\/wp-content\/uploads\/2025\/05\/Tischler_Lichthof.jpg 1200w\" sizes=\"auto, (max-width: 1024px) 100vw, 1024px\" \/><\/figure>\n\n\n\n<p>Bild: Berufskolleg der Stadt Bottrop<\/p>\n\n\n\n<p><strong>Der 09.11.1938 gilt sicherlich symbolisch als der Tag, an dem die Verbrechen an j\u00fcdischen B\u00fcrgern des damaligen Deutschlands erstmalig offen, brutal und schonungslos sichtbar wurden. Dass gerade im Lichthof des Berufskollegs die Jagd auf j\u00fcdische Menschen in Bottrop begann, veranlasste das Team \u201eSchule ohne Rassismus \u2013 Schule mit Courage\u201c am BKB sich daf\u00fcr einzusetzen, dass gerade am damaligen Ort des Geschehens den Opfern gedacht werden muss. Als Folge intensiver eigener Recherchen sowie der Zusammenarbeit mit dem Stadtarchiv, dem Historiker Manfred L\u00fcck sowie dem J\u00fcdischen Museum Dorsten konnte in einer emotional mitnehmenden Veranstaltung eine Gedenktafel, die mitten im Lichthof jeden Tag zur Erinnerung mahnt, eingeweiht werden. Oberb\u00fcrgermeister Bernd Tischler sowie die Eheleute Grasedieck, die dankenswerterweise die Finanzierung der Gedenktafel \u00fcbernahmen, waren ebenfalls anwesend, als Lehrer*innen und Sch\u00fcler*innen des BKB gemeinsam dem Pogrom vor 85 Jahren gedachten.<\/strong><\/p>\n\n\n\n<figure class=\"wp-block-image size-large\"><img loading=\"lazy\" decoding=\"async\" width=\"1024\" height=\"768\" src=\"https:\/\/studienstiftung-grasedieck.de\/wordpress\/wp-content\/uploads\/2025\/05\/Gedenktafel-1024x768.jpg\" alt=\"\" class=\"wp-image-421\" srcset=\"https:\/\/studienstiftung-grasedieck.de\/wordpress\/wp-content\/uploads\/2025\/05\/Gedenktafel-1024x768.jpg 1024w, https:\/\/studienstiftung-grasedieck.de\/wordpress\/wp-content\/uploads\/2025\/05\/Gedenktafel-300x225.jpg 300w, https:\/\/studienstiftung-grasedieck.de\/wordpress\/wp-content\/uploads\/2025\/05\/Gedenktafel-768x576.jpg 768w, https:\/\/studienstiftung-grasedieck.de\/wordpress\/wp-content\/uploads\/2025\/05\/Gedenktafel.jpg 1067w\" sizes=\"auto, (max-width: 1024px) 100vw, 1024px\" \/><\/figure>\n\n\n\n<p>\u201eNie wieder! Und nie wieder ist jetzt!\u201c So endete das Gru\u00dfwort der krankheitsbedingt abwesenden Vorsitzenden der j\u00fcdischen Kulturgemeinde, Judith Neuwald-Tasbach, die eindringlich darauf hinwies, dass, in Anbetracht der aktuellen politischen Situation in Nahost, deren Auswirkungen auch in Deutschland sp\u00fcrbar sind, Rechtextremismus und Antisemitismus entschieden entgegengewirkt werden m\u00fcsse. \u00c4hnlich \u00e4u\u00dferte sich auch Bernd Tischler in seiner Rede: \u201eFrieden f\u00fcr alle muss immer das Ziel sein, auch in schwierigen, herausfordernden Zeiten.\u201c Weiterhin hob Tischler hervor, wie wichtig die gelebte Erinnerungskultur am Berufskolleg sei: \u201eDass die Initiative f\u00fcr diese Gedenktafel aus dem Kollegium des BKB kam, ist vorbildlich f\u00fcr p\u00e4dagogische Erinnerungskultur.\u201c&nbsp;<\/p>\n\n\n\n<p>Eindringlich schilderte zudem Manfred L\u00fcck, welche Einzelschicksale Bottroperinnen und Bottroper erleben mussten: \u201eNahezu die gesamte j\u00fcdische Bev\u00f6lkerung wurde in Schutzhaft genommen, teilweise sogar an den Haaren \u00fcber die Stra\u00dfe geschleift.\u201c Seine Vorg\u00e4ngerin, die aktuelle Leiterin des Stadtarchivs, Heike Biskup, hatte gemeinsam mit den Kolleg*innen des BKB, allen voran den Initiatoren Klaus Lohmann und Steffen Vinnemeier, die Veranstaltung geplant und durchgef\u00fchrt. Musikalisch untermalt durch j\u00fcdische Musik der Band \u201eJankele\u201c stand am Ende eine feierliche Gedenkstunde, die respektvoll der Opfer gedachte und den Blick auf Gegenwart und Zukunft sch\u00e4rfte. Steffen Vinnemeier vom Team \u201eSchule ohne Rassismus \u2013 Schule mit Courage\u201c hielt weiterhin fest: \u201eErinnerung ist in diesen Zeiten wichtiger denn je. Gerade die junge Generation, die zeitlich immer weiter weg von den damaligen Schandtaten ist, wollen und m\u00fcssen wir sensibilisieren, aktiv gegen Antisemitismus und Rassismus jeglicher Art vorzugehen.\u201c Passend dazu ist aktuell f\u00fcr mehrere Wochen die Ausstellung \u201eDemokratie st\u00e4rken \u2013 Rechtsextremismus bek\u00e4mpfen\u201c der Friedrich-Ebert-Stiftung, deren interaktive Inhalte \u00fcber Herkunft, Geschichte und Auspr\u00e4gungen demokratiefeindlichen Verhaltens von vielen Klassen des BKB erarbeitet werden.<\/p>\n\n\n\n<figure class=\"wp-block-image size-full\"><img loading=\"lazy\" decoding=\"async\" width=\"150\" height=\"150\" src=\"https:\/\/studienstiftung-grasedieck.de\/wordpress\/wp-content\/uploads\/2025\/05\/Gottemeier.jpg\" alt=\"\" class=\"wp-image-420\"\/><\/figure>\n\n\n\n<p><strong>Autor: <\/strong><a href=\"https:\/\/bottroper-zeitung.de\/profil\/oliver-gottemeier\/\"><strong>Oliver Gottemeier<\/strong><\/a><strong><\/strong><\/p>\n","protected":false},"excerpt":{"rendered":"<p>OB Bernd Tischler enth\u00fcllt die auf Initiative einiger BKB-Lehrer*innen entstandene Gedenktafel im Lichthof. Von Oliver Gottemeier 20. November 2023 Bild: Berufskolleg der Stadt Bottrop Der 09.11.1938 gilt sicherlich symbolisch als der Tag, an dem die Verbrechen an j\u00fcdischen B\u00fcrgern des damaligen Deutschlands erstmalig offen, brutal und schonungslos sichtbar wurden. Dass gerade im Lichthof des Berufskollegs [&hellip;]<\/p>\n","protected":false},"author":3,"featured_media":0,"parent":0,"menu_order":0,"comment_status":"closed","ping_status":"closed","template":"","meta":{"footnotes":""},"class_list":["post-441","page","type-page","status-publish","hentry"],"_links":{"self":[{"href":"https:\/\/studienstiftung-grasedieck.de\/wordpress\/wp-json\/wp\/v2\/pages\/441","targetHints":{"allow":["GET"]}}],"collection":[{"href":"https:\/\/studienstiftung-grasedieck.de\/wordpress\/wp-json\/wp\/v2\/pages"}],"about":[{"href":"https:\/\/studienstiftung-grasedieck.de\/wordpress\/wp-json\/wp\/v2\/types\/page"}],"author":[{"embeddable":true,"href":"https:\/\/studienstiftung-grasedieck.de\/wordpress\/wp-json\/wp\/v2\/users\/3"}],"replies":[{"embeddable":true,"href":"https:\/\/studienstiftung-grasedieck.de\/wordpress\/wp-json\/wp\/v2\/comments?post=441"}],"version-history":[{"count":1,"href":"https:\/\/studienstiftung-grasedieck.de\/wordpress\/wp-json\/wp\/v2\/pages\/441\/revisions"}],"predecessor-version":[{"id":442,"href":"https:\/\/studienstiftung-grasedieck.de\/wordpress\/wp-json\/wp\/v2\/pages\/441\/revisions\/442"}],"wp:attachment":[{"href":"https:\/\/studienstiftung-grasedieck.de\/wordpress\/wp-json\/wp\/v2\/media?parent=441"}],"curies":[{"name":"wp","href":"https:\/\/api.w.org\/{rel}","templated":true}]}}