{"id":439,"date":"2025-05-20T11:56:59","date_gmt":"2025-05-20T09:56:59","guid":{"rendered":"https:\/\/studienstiftung-grasedieck.de\/wordpress\/?page_id=439"},"modified":"2025-05-20T11:56:59","modified_gmt":"2025-05-20T09:56:59","slug":"spende-an-musikschule-uebergeben","status":"publish","type":"page","link":"https:\/\/studienstiftung-grasedieck.de\/wordpress\/spende-an-musikschule-uebergeben\/","title":{"rendered":"Spende an Musikschule \u00fcbergeben"},"content":{"rendered":"\n<p>Zusammenarbeit mit drei weiterf\u00fchrenden Schulen f\u00f6rdert Musiktalente.<\/p>\n\n\n\n<p>Von<\/p>\n\n\n\n<p><a href=\"https:\/\/bottroper-zeitung.de\/profil\/tobias-ten-hoopen\/\">Tobias ten Hoopen<\/a><\/p>\n\n\n\n<p>14. November 2021<\/p>\n\n\n\n<figure class=\"wp-block-image size-large\"><img loading=\"lazy\" decoding=\"async\" width=\"1024\" height=\"768\" src=\"https:\/\/studienstiftung-grasedieck.de\/wordpress\/wp-content\/uploads\/2025\/05\/Musikschule-1024x768.jpg\" alt=\"\" class=\"wp-image-426\" srcset=\"https:\/\/studienstiftung-grasedieck.de\/wordpress\/wp-content\/uploads\/2025\/05\/Musikschule-1024x768.jpg 1024w, https:\/\/studienstiftung-grasedieck.de\/wordpress\/wp-content\/uploads\/2025\/05\/Musikschule-300x225.jpg 300w, https:\/\/studienstiftung-grasedieck.de\/wordpress\/wp-content\/uploads\/2025\/05\/Musikschule-768x576.jpg 768w, https:\/\/studienstiftung-grasedieck.de\/wordpress\/wp-content\/uploads\/2025\/05\/Musikschule.jpg 1200w\" sizes=\"auto, (max-width: 1024px) 100vw, 1024px\" \/><\/figure>\n\n\n\n<p>\u00a9 Stadt Bottrop | <\/p>\n\n\n\n<p>Lisa Winschel und Henrike L\u00f6cker (8. Klasse des Vestischen Gymnasiums) zeigen zwei Trompeten als Teil des Bestandes an Leihinstrumenten. In der Bildmitte die Stiftungsgr\u00fcnder Christa und Dieter Grasedieck. In der hinteren Reihe von links: J\u00fcrgen Slak (Leitungsteam Musikschule), Ren\u00e9 Heuwieser (Schulleiter Janusz-Korczak-Gesamtschule), Ingo Brzoska (Leitungsteam Musikschule), Tobias Mattheis (Schulleiter Heinrich-Heine-Gymnasium) und Dirk Willebrand (Schulleiter Vestisches Gymnasium).<\/p>\n\n\n\n<p><strong>Die \u201eStudienstiftung Grasedieck\u201c hat der Musikschule 6.000 Euro gespendet, die f\u00fcr Musikprojekte der Musikschule am Heinrich-Heine-Gymnasium, der Janusz-Korczak-Gesamtschule und dem Vestischem Gymnasium eingesetzt werden sollen.<\/strong><\/p>\n\n\n\n<p>Das Geld dient der der Anschaffung und Pflege von Musikinstrumenten. Mit den Leihinstrumenten k\u00f6nnen laufende Unterrichtsangebote zum Erlernen von Musikinstrumenten vertieft und ausgebaut werden und neue Projekte verwirklicht werden.<\/p>\n\n\n\n<p>Bereits im vergangenen Jahr hatte die Stiftung das Projekt \u201eOrchesterklasse\u201c, das als Kooperation zwischen der Musikschule der Stadt Bottrop und dem Heinrich-Heine-Gymnasium durchgef\u00fchrt wird, gef\u00f6rdert. Die Orchesterklasse bietet \u201epraktischen\u201c Instrumentalunterricht, der von der Musikschule angeboten wird und verkn\u00fcpft ist mit dem Aufbau eines Orchesters und mit dem \u201eallgemeinen\u201c Schulmusikunterricht, der vom Gymnasium gestaltet wird.<\/p>\n\n\n\n<p>Mit weiteren Musikprojekten an weiterf\u00fchrenden Schulen, neben dem Heinrich-Heine-Gymnasium sich auch die Janusz-Korczak-Gesamtschule und das Vestische Gymnasium im Boot, sollen Sch\u00fclerinnen und Sch\u00fcler die M\u00f6glichkeit bekommen, ein Instrument \u00fcberhaupt erst einmal kennenzulernen und auf diese Weise auch Talente zu entdecken.<\/p>\n\n\n\n<p>Dabei spielt die Kooperation und Verzahnung der Angebote an den Schulen und der st\u00e4dtischen Musikschule eine wichtige Rolle. Wer sich einmal f\u00fcr ein Instrument interessiert, m\u00f6chte dieses vielleicht auch intensiver kennenlernen. Dazu stehen Angebote an der st\u00e4dtischen Musikschule zur Verf\u00fcgung, die durch die Zusammenarbeit Nachwuchs bekommt.<\/p>\n\n\n\n<figure class=\"wp-block-image size-full\"><img loading=\"lazy\" decoding=\"async\" width=\"150\" height=\"151\" src=\"https:\/\/studienstiftung-grasedieck.de\/wordpress\/wp-content\/uploads\/2025\/05\/tenHoopen.jpg\" alt=\"\" class=\"wp-image-423\"\/><\/figure>\n\n\n\n<p><strong>Autor: <\/strong><a href=\"https:\/\/bottroper-zeitung.de\/profil\/tobias-ten-hoopen\/\"><strong>Tobias ten Hoopen<\/strong><\/a><\/p>\n\n\n\n<p><\/p>\n","protected":false},"excerpt":{"rendered":"<p>Zusammenarbeit mit drei weiterf\u00fchrenden Schulen f\u00f6rdert Musiktalente. Von Tobias ten Hoopen 14. November 2021 \u00a9 Stadt Bottrop | Lisa Winschel und Henrike L\u00f6cker (8. Klasse des Vestischen Gymnasiums) zeigen zwei Trompeten als Teil des Bestandes an Leihinstrumenten. In der Bildmitte die Stiftungsgr\u00fcnder Christa und Dieter Grasedieck. In der hinteren Reihe von links: J\u00fcrgen Slak (Leitungsteam [&hellip;]<\/p>\n","protected":false},"author":3,"featured_media":0,"parent":0,"menu_order":0,"comment_status":"closed","ping_status":"closed","template":"","meta":{"footnotes":""},"class_list":["post-439","page","type-page","status-publish","hentry"],"_links":{"self":[{"href":"https:\/\/studienstiftung-grasedieck.de\/wordpress\/wp-json\/wp\/v2\/pages\/439","targetHints":{"allow":["GET"]}}],"collection":[{"href":"https:\/\/studienstiftung-grasedieck.de\/wordpress\/wp-json\/wp\/v2\/pages"}],"about":[{"href":"https:\/\/studienstiftung-grasedieck.de\/wordpress\/wp-json\/wp\/v2\/types\/page"}],"author":[{"embeddable":true,"href":"https:\/\/studienstiftung-grasedieck.de\/wordpress\/wp-json\/wp\/v2\/users\/3"}],"replies":[{"embeddable":true,"href":"https:\/\/studienstiftung-grasedieck.de\/wordpress\/wp-json\/wp\/v2\/comments?post=439"}],"version-history":[{"count":1,"href":"https:\/\/studienstiftung-grasedieck.de\/wordpress\/wp-json\/wp\/v2\/pages\/439\/revisions"}],"predecessor-version":[{"id":440,"href":"https:\/\/studienstiftung-grasedieck.de\/wordpress\/wp-json\/wp\/v2\/pages\/439\/revisions\/440"}],"wp:attachment":[{"href":"https:\/\/studienstiftung-grasedieck.de\/wordpress\/wp-json\/wp\/v2\/media?parent=439"}],"curies":[{"name":"wp","href":"https:\/\/api.w.org\/{rel}","templated":true}]}}