{"id":418,"date":"2025-05-20T11:52:15","date_gmt":"2025-05-20T09:52:15","guid":{"rendered":"https:\/\/studienstiftung-grasedieck.de\/wordpress\/?page_id=418"},"modified":"2025-05-20T11:52:15","modified_gmt":"2025-05-20T09:52:15","slug":"viertklaessler-pflanzen-ueber-2000-baeume","status":"publish","type":"page","link":"https:\/\/studienstiftung-grasedieck.de\/wordpress\/viertklaessler-pflanzen-ueber-2000-baeume\/","title":{"rendered":"Viertkl\u00e4ssler pflanzen \u00fcber 2000 B\u00e4ume"},"content":{"rendered":"\n<p>Zum 26. Mal fand die Auspflanzaktion der Bottroper Grund- und F\u00f6rderschulen statt. Kinder sollen so schon im jungen Alter f\u00fcr Klimaschutz sensibilisiert werden.<\/p>\n\n\n\n<figure class=\"wp-block-image size-large\"><img loading=\"lazy\" decoding=\"async\" width=\"1024\" height=\"683\" src=\"https:\/\/studienstiftung-grasedieck.de\/wordpress\/wp-content\/uploads\/2025\/05\/Viertklaessler-1024x683.jpg\" alt=\"\" class=\"wp-image-430\" srcset=\"https:\/\/studienstiftung-grasedieck.de\/wordpress\/wp-content\/uploads\/2025\/05\/Viertklaessler-1024x683.jpg 1024w, https:\/\/studienstiftung-grasedieck.de\/wordpress\/wp-content\/uploads\/2025\/05\/Viertklaessler-300x200.jpg 300w, https:\/\/studienstiftung-grasedieck.de\/wordpress\/wp-content\/uploads\/2025\/05\/Viertklaessler-768x512.jpg 768w, https:\/\/studienstiftung-grasedieck.de\/wordpress\/wp-content\/uploads\/2025\/05\/Viertklaessler.jpg 1200w\" sizes=\"auto, (max-width: 1024px) 100vw, 1024px\" \/><\/figure>\n\n\n\n<p>\u00a9&nbsp;Stadt Bottrop<\/p>\n\n\n\n<p>1100 Sch\u00fclerinnen und Sch\u00fcler der vierten Klasse aus 24 Bottroper F\u00f6rder- und Grundschulen nahmen an dem dreit\u00e4gigen Projekt der Schutzgemeinschaft Deutscher Wald (SDW) in einem Waldst\u00fcck am Alten Postweg teil. Seit 26 Jahren ist es eine Tradition in Bottrop und fester Programmpunkt in den Schulen. So wurden insgesamt schon \u00fcber 200.000 B\u00e4ume gepflanzt. Viele Sponsoren und Ehrenamtliche unterst\u00fctzen diese Aktion jedes Jahr. \u201eOhne das au\u00dferordentliche Engagement der vielen Helfer und Sponsoren w\u00e4re das nicht m\u00f6glich\u201c, bedankte sich der WPZ-Vorsitzende Peter Pawliczek am Mittwochvormittag (10. April), als Sponsoren und Vertreter aus der Politik geladen waren.<\/p>\n\n\n\n<figure class=\"wp-block-image size-large\"><img loading=\"lazy\" decoding=\"async\" width=\"1024\" height=\"539\" src=\"https:\/\/studienstiftung-grasedieck.de\/wordpress\/wp-content\/uploads\/2025\/05\/Klimaschutz-1024x539.jpg\" alt=\"\" class=\"wp-image-429\" srcset=\"https:\/\/studienstiftung-grasedieck.de\/wordpress\/wp-content\/uploads\/2025\/05\/Klimaschutz-1024x539.jpg 1024w, https:\/\/studienstiftung-grasedieck.de\/wordpress\/wp-content\/uploads\/2025\/05\/Klimaschutz-300x158.jpg 300w, https:\/\/studienstiftung-grasedieck.de\/wordpress\/wp-content\/uploads\/2025\/05\/Klimaschutz-768x404.jpg 768w, https:\/\/studienstiftung-grasedieck.de\/wordpress\/wp-content\/uploads\/2025\/05\/Klimaschutz-1536x809.jpg 1536w, https:\/\/studienstiftung-grasedieck.de\/wordpress\/wp-content\/uploads\/2025\/05\/Klimaschutz-1200x632.jpg 1200w, https:\/\/studienstiftung-grasedieck.de\/wordpress\/wp-content\/uploads\/2025\/05\/Klimaschutz.jpg 1920w\" sizes=\"auto, (max-width: 1024px) 100vw, 1024px\" \/><\/figure>\n\n\n\n<p>\u00a9&nbsp;Stadt Bottrop<\/p>\n\n\n\n<p>Ziel der Aktion ist es schon in jungen Jahren ein Bewusstsein f\u00fcr den Naturschutz zu bilden. Im ersten Schuljahr kommen die Sch\u00fcler zum ersten Mal zum Waldp\u00e4dagogische Zentrum (WPZ), pflanzen ihre B\u00e4umchen und lernen das Gel\u00e4nde und ihre Bewohner kennen. Im zweiten und dritten Schuljahr gibt es dann F\u00fchrungen mit einem Themenschwerpunkt und im vierten Jahr d\u00fcrfen die Sch\u00fcler ihre B\u00e4ume im Jahrgangswald auspflanzen. \u201eDas ist p\u00e4dagogisch wertvolle Arbeit. Ein positives Beispiel f\u00fcr gelebten Natur- und Umweltschutz\u201c, hebt B\u00fcrgermeister Klaus Strehl hervor. Schon in jungen Jahren lernen sie, dass B\u00e4ume nicht nur Schatten spenden, sondern auch Wasser speichern, Sauerstoff produzieren, das Klima beeinflussen sowie Lebensraum f\u00fcr viele Insekten und V\u00f6gel bieten.<\/p>\n\n\n\n<p>Zusammen mit den ehrenamtlichen Helfern wurden in den vergangenen Tagen rund 2.200 B\u00e4ume gepflanzt \u2013 Eichen, Haselnuss, Buchen, Wildkirsche und Winterlinde. Zudem gab es wieder ein Rahmenprogramm mit Waldf\u00fchrung, Spielen und einer M\u00e4rchenerz\u00e4hlerin.<\/p>\n\n\n\n<p>Das Areal am Alten Postweg ist bereits die vierte bepflanzte Fl\u00e4che, f\u00fcnf Jahre wurde dort gepflanzt. Nun ist das Areal voll, doch Peter Pawliczek gibt Entwarnung: \u201eKeine Sorge, wir sind in guten Gespr\u00e4chen. Ab 2026 geht es weiter.\u201c<\/p>\n\n\n\n<p>\u00a9&nbsp;Stadt Bottrop Die Stiftung Christa und Dr. Dieter Grasedieck f\u00f6rdert das Waldp\u00e4dagogische Zentrum 2025 mit 10 500,00 \u20ac.<\/p>\n","protected":false},"excerpt":{"rendered":"<p>Zum 26. Mal fand die Auspflanzaktion der Bottroper Grund- und F\u00f6rderschulen statt. Kinder sollen so schon im jungen Alter f\u00fcr Klimaschutz sensibilisiert werden. \u00a9&nbsp;Stadt Bottrop 1100 Sch\u00fclerinnen und Sch\u00fcler der vierten Klasse aus 24 Bottroper F\u00f6rder- und Grundschulen nahmen an dem dreit\u00e4gigen Projekt der Schutzgemeinschaft Deutscher Wald (SDW) in einem Waldst\u00fcck am Alten Postweg teil. [&hellip;]<\/p>\n","protected":false},"author":3,"featured_media":0,"parent":0,"menu_order":0,"comment_status":"closed","ping_status":"closed","template":"","meta":{"footnotes":""},"class_list":["post-418","page","type-page","status-publish","hentry"],"_links":{"self":[{"href":"https:\/\/studienstiftung-grasedieck.de\/wordpress\/wp-json\/wp\/v2\/pages\/418","targetHints":{"allow":["GET"]}}],"collection":[{"href":"https:\/\/studienstiftung-grasedieck.de\/wordpress\/wp-json\/wp\/v2\/pages"}],"about":[{"href":"https:\/\/studienstiftung-grasedieck.de\/wordpress\/wp-json\/wp\/v2\/types\/page"}],"author":[{"embeddable":true,"href":"https:\/\/studienstiftung-grasedieck.de\/wordpress\/wp-json\/wp\/v2\/users\/3"}],"replies":[{"embeddable":true,"href":"https:\/\/studienstiftung-grasedieck.de\/wordpress\/wp-json\/wp\/v2\/comments?post=418"}],"version-history":[{"count":2,"href":"https:\/\/studienstiftung-grasedieck.de\/wordpress\/wp-json\/wp\/v2\/pages\/418\/revisions"}],"predecessor-version":[{"id":436,"href":"https:\/\/studienstiftung-grasedieck.de\/wordpress\/wp-json\/wp\/v2\/pages\/418\/revisions\/436"}],"wp:attachment":[{"href":"https:\/\/studienstiftung-grasedieck.de\/wordpress\/wp-json\/wp\/v2\/media?parent=418"}],"curies":[{"name":"wp","href":"https:\/\/api.w.org\/{rel}","templated":true}]}}