{"id":304,"date":"2022-07-28T10:41:27","date_gmt":"2022-07-28T08:41:27","guid":{"rendered":"https:\/\/studienstiftung-grasedieck.de\/wordpress\/?page_id=304"},"modified":"2022-07-28T15:29:28","modified_gmt":"2022-07-28T13:29:28","slug":"studienstiftung-grasedieck-zeichnet-junge-handwerksgesellen-aus","status":"publish","type":"page","link":"https:\/\/studienstiftung-grasedieck.de\/wordpress\/projekte\/studienstiftung-grasedieck-zeichnet-junge-handwerksgesellen-aus\/","title":{"rendered":"Studienstiftung Grasedieck zeichnet junge Handwerksgesellen aus"},"content":{"rendered":"\n<p>Die Studienstiftung Christa und Dr. Dieter Grasedieck zeichnete wegen der hervorragenden Leistung in der theoretischen und praktischen Gesellenpr\u00fcfung sieben junge Bottroper Gesellen aus. Die Veranstaltung \u2013 Fit f\u00fcr die Zukunft durch Weiterbildung im Handwerk \u2013 fand in Zusammenarbeit mit der Kreishandwerkerschaft Emscher-Lippe-West statt.<\/p>\n\n\n\n<figure class=\"wp-block-image size-full\"><img loading=\"lazy\" decoding=\"async\" width=\"1024\" height=\"768\" src=\"https:\/\/studienstiftung-grasedieck.de\/wordpress\/wp-content\/uploads\/2022\/07\/2017_Auszeichnung_Handwerker.jpg\" alt=\"\" class=\"wp-image-306\" srcset=\"https:\/\/studienstiftung-grasedieck.de\/wordpress\/wp-content\/uploads\/2022\/07\/2017_Auszeichnung_Handwerker.jpg 1024w, https:\/\/studienstiftung-grasedieck.de\/wordpress\/wp-content\/uploads\/2022\/07\/2017_Auszeichnung_Handwerker-300x225.jpg 300w, https:\/\/studienstiftung-grasedieck.de\/wordpress\/wp-content\/uploads\/2022\/07\/2017_Auszeichnung_Handwerker-768x576.jpg 768w\" sizes=\"auto, (max-width: 1024px) 100vw, 1024px\" \/><\/figure>\n\n\n\n<p>Folgenden Junggesellen Mario Bruns, Marcel Urlitzki, Keith Steven Tutas, Roberto Navarro Julian Goldschmidt und Kristina Stefani wurde ein Gutschein f\u00fcr die Meistervorbereitung im Werte von 550, 00 \u20ac \u00fcberreicht.<br>Prof. Dr. Dieter Grasedieck betonte in seinem Gru\u00dfwort die Bedeutung der Handwerksbetriebe:<\/p>\n\n\n\n<p>\u201eFast 9 Millionen Menschen arbeiten in einer Millionen Handwerksbetrieben in Deutschland. Jeder 6. Arbeitnehmer arbeitet in einem Handwerksbetrieb. Ein Drittel der Auszubildenden werden in einem Handwerksbetrieb ausgebildet \u2013 insgesamt 500 000 Auszubildende. In Bottrop wurden im Jahr 2016 \u2013 108 Ausbildungsvertr\u00e4ge abgeschlossen, somit bildet das Handwerk rund 350 junge Menschen in allen 3 \u2013 3 \u00bd Lehrjahren aus. Das Handwerk ist ein Markenzeichen f\u00fcr Deutschland.<br>Auf das Ergebnis ihrer Arbeit und auf die guten Ausbildungsm\u00f6glichkeiten k\u00f6nne das Handwerk und die Kreishandwerkerschaft in Bottrop stolz sein.\u201c<\/p>\n\n\n\n<p>Der Gesch\u00e4ftsf\u00fchrer der Kreishandwerkerschaft Herr Streich erl\u00e4uterte in einer Rede die unterschiedlichen Ausbildungs- und Weiterbildungsm\u00f6glichkeiten in Bottroper Handwerksbetrieben. \u201eIm Handwerk ben\u00f6tigt der Geselle f\u00fcr seine interessante Arbeit Kreativit\u00e4t und Flexibilit\u00e4t. Denken Sie zum Beispiel an den Elektriker\/in, der Schaltungssysteme f\u00fcr Energieerzeugungseinheiten -Blockheizkraftwerk, W\u00e4rmepumpe, Pufferspeicher und Photovoltaik- installieren soll. Diese Arbeiten sind heute keine Seltenheit. In einer Zeit in der die CO2 Reduzierung an erster Stelle steht. An diesem Beispiel sehen Sie deutlich, das es in der modernen Zeit zwingend erforderlich ist mit anderen Gewerken wie mit dem Heizungsbau und dem Bau flexibel und kreativ zusammenzuarbeiten. Durch diese komplizierten T\u00e4tigkeiten verst\u00e4rken sich die theoretischen Herausforderungen.\u201c<\/p>\n\n\n\n<p>Die Auszeichnungen an die Junggesellen wurden von Martina N\u00e4hlen und Egbert Streich von der Kreishandwerkschaft und Christa und Dr, Dieter Grasedieck \u00fcbergeben.<\/p>\n","protected":false},"excerpt":{"rendered":"<p>Die Studienstiftung Christa und Dr. Dieter Grasedieck zeichnete wegen der hervorragenden Leistung in der theoretischen und praktischen Gesellenpr\u00fcfung sieben junge Bottroper Gesellen aus. Die Veranstaltung \u2013 Fit f\u00fcr die Zukunft durch Weiterbildung im Handwerk \u2013 fand in Zusammenarbeit mit der Kreishandwerkerschaft Emscher-Lippe-West statt. Folgenden Junggesellen Mario Bruns, Marcel Urlitzki, Keith Steven Tutas, Roberto Navarro Julian [&hellip;]<\/p>\n","protected":false},"author":2,"featured_media":0,"parent":2,"menu_order":0,"comment_status":"closed","ping_status":"closed","template":"","meta":{"footnotes":""},"class_list":["post-304","page","type-page","status-publish","hentry"],"_links":{"self":[{"href":"https:\/\/studienstiftung-grasedieck.de\/wordpress\/wp-json\/wp\/v2\/pages\/304","targetHints":{"allow":["GET"]}}],"collection":[{"href":"https:\/\/studienstiftung-grasedieck.de\/wordpress\/wp-json\/wp\/v2\/pages"}],"about":[{"href":"https:\/\/studienstiftung-grasedieck.de\/wordpress\/wp-json\/wp\/v2\/types\/page"}],"author":[{"embeddable":true,"href":"https:\/\/studienstiftung-grasedieck.de\/wordpress\/wp-json\/wp\/v2\/users\/2"}],"replies":[{"embeddable":true,"href":"https:\/\/studienstiftung-grasedieck.de\/wordpress\/wp-json\/wp\/v2\/comments?post=304"}],"version-history":[{"count":2,"href":"https:\/\/studienstiftung-grasedieck.de\/wordpress\/wp-json\/wp\/v2\/pages\/304\/revisions"}],"predecessor-version":[{"id":307,"href":"https:\/\/studienstiftung-grasedieck.de\/wordpress\/wp-json\/wp\/v2\/pages\/304\/revisions\/307"}],"up":[{"embeddable":true,"href":"https:\/\/studienstiftung-grasedieck.de\/wordpress\/wp-json\/wp\/v2\/pages\/2"}],"wp:attachment":[{"href":"https:\/\/studienstiftung-grasedieck.de\/wordpress\/wp-json\/wp\/v2\/media?parent=304"}],"curies":[{"name":"wp","href":"https:\/\/api.w.org\/{rel}","templated":true}]}}