{"id":268,"date":"2022-07-28T09:38:23","date_gmt":"2022-07-28T07:38:23","guid":{"rendered":"https:\/\/studienstiftung-grasedieck.de\/wordpress\/?page_id=268"},"modified":"2022-07-28T09:59:10","modified_gmt":"2022-07-28T07:59:10","slug":"studienstiftung-grasedieck-uebergibt-spende-in-hoehe-von-8-000-euro","status":"publish","type":"page","link":"https:\/\/studienstiftung-grasedieck.de\/wordpress\/projekte\/studienstiftung-grasedieck-uebergibt-spende-in-hoehe-von-8-000-euro\/","title":{"rendered":"Studienstiftung Grasedieck \u00fcbergibt Spende in H\u00f6he von 8.000 Euro"},"content":{"rendered":"\n<p>Vertreter der Studienstiftung Grasedieck haben am 22. Februar 2017 in der Bottroper Ludgerusschule einen Klassensatz von elf Apple-Computern (Laptop und I-Pad) im Wert von 8 000 Euro \u00fcbergeben.<\/p>\n\n\n\n<figure class=\"wp-block-image size-full\"><img loading=\"lazy\" decoding=\"async\" width=\"500\" height=\"333\" src=\"https:\/\/studienstiftung-grasedieck.de\/wordpress\/wp-content\/uploads\/2022\/07\/2017_ludgerusschule5.jpg\" alt=\"\" class=\"wp-image-273\" srcset=\"https:\/\/studienstiftung-grasedieck.de\/wordpress\/wp-content\/uploads\/2022\/07\/2017_ludgerusschule5.jpg 500w, https:\/\/studienstiftung-grasedieck.de\/wordpress\/wp-content\/uploads\/2022\/07\/2017_ludgerusschule5-300x200.jpg 300w\" sizes=\"auto, (max-width: 500px) 100vw, 500px\" \/><\/figure>\n\n\n\n<p>Durch den Einsatz der Computer werden die laufenden Projektarbeiten der Stiftung (20 Versuche im Sachkunde-Unterricht) erweitert, denn auch Grundsch\u00fcler sind jeden Tag mit den modernen Technologien konfrontiert. So formulieren die Sch\u00fclerinnen und Sch\u00fcler Texte f\u00fcr E-Mails an ihre Eltern und die Berichte f\u00fcr die Versuchsbeobachtungen geben sie in den Computer ein.<\/p>\n\n\n\n<p>Die Rechtschreibung des Textes wird durch das Schreibprogramm \u201eword\u201c oder \u201epages\u201c kontrolliert. Die Rechtschreibfehler k\u00f6nnen angezeigt und verbessert werden. Danach w\u00e4hlen die Kinder einen Versuchstext aus, um diesen Text f\u00fcr eine Pr\u00e4sentation des ausgew\u00e4hlten Versuchs in eine Videoaufzeichnung einzubinden. Die Sch\u00fclerinnen und Sch\u00fcler \u00fcberlegen in kleinen Gruppen von drei Kindern, wie sie bei der geplanten Videoaufzeichnung \u00fcber die technischen Versuche vorgehen. Sie bestimmen die Arbeitsschritte, die Darstellungsformen und formulieren in Stichworten den Verlauf der Aufzeichnung. Das Landes-Ministerium f\u00fcr Schule und Weiterbildung begr\u00fc\u00dft im Lehrplan f\u00fcr Grundschulen den Einsatz des Computers: \u201eDer Einsatz von Computer und Internet erm\u00f6glicht dar\u00fcber hinaus differenzierte bzw. individualisierte Lernangebote und erweitert die Vielfalt von Lernformen im Unterricht.\u201c Genau diese Lernziele werden durch den Klassensatz der Computer erreicht.<\/p>\n\n\n\n<figure class=\"wp-block-gallery has-nested-images columns-2 is-cropped wp-block-gallery-1 is-layout-flex wp-block-gallery-is-layout-flex\">\n<figure class=\"wp-block-image size-large\"><img loading=\"lazy\" decoding=\"async\" width=\"500\" height=\"333\" data-id=\"283\" src=\"https:\/\/studienstiftung-grasedieck.de\/wordpress\/wp-content\/uploads\/2022\/07\/2017_ludgerusschule6.jpg\" alt=\"\" class=\"wp-image-283\" srcset=\"https:\/\/studienstiftung-grasedieck.de\/wordpress\/wp-content\/uploads\/2022\/07\/2017_ludgerusschule6.jpg 500w, https:\/\/studienstiftung-grasedieck.de\/wordpress\/wp-content\/uploads\/2022\/07\/2017_ludgerusschule6-300x200.jpg 300w\" sizes=\"auto, (max-width: 500px) 100vw, 500px\" \/><\/figure>\n\n\n\n<figure class=\"wp-block-image size-large\"><img loading=\"lazy\" decoding=\"async\" width=\"500\" height=\"333\" data-id=\"278\" src=\"https:\/\/studienstiftung-grasedieck.de\/wordpress\/wp-content\/uploads\/2022\/07\/2017_ludgerusschule2.jpg\" alt=\"\" class=\"wp-image-278\" srcset=\"https:\/\/studienstiftung-grasedieck.de\/wordpress\/wp-content\/uploads\/2022\/07\/2017_ludgerusschule2.jpg 500w, https:\/\/studienstiftung-grasedieck.de\/wordpress\/wp-content\/uploads\/2022\/07\/2017_ludgerusschule2-300x200.jpg 300w\" sizes=\"auto, (max-width: 500px) 100vw, 500px\" \/><\/figure>\n\n\n\n<figure class=\"wp-block-image size-large\"><img loading=\"lazy\" decoding=\"async\" width=\"768\" height=\"768\" data-id=\"275\" src=\"https:\/\/studienstiftung-grasedieck.de\/wordpress\/wp-content\/uploads\/2022\/07\/2017_ludgerusschule4.jpg\" alt=\"\" class=\"wp-image-275\" srcset=\"https:\/\/studienstiftung-grasedieck.de\/wordpress\/wp-content\/uploads\/2022\/07\/2017_ludgerusschule4.jpg 768w, https:\/\/studienstiftung-grasedieck.de\/wordpress\/wp-content\/uploads\/2022\/07\/2017_ludgerusschule4-300x300.jpg 300w, https:\/\/studienstiftung-grasedieck.de\/wordpress\/wp-content\/uploads\/2022\/07\/2017_ludgerusschule4-150x150.jpg 150w\" sizes=\"auto, (max-width: 768px) 100vw, 768px\" \/><\/figure>\n\n\n\n<figure class=\"wp-block-image size-large\"><img loading=\"lazy\" decoding=\"async\" width=\"500\" height=\"333\" data-id=\"274\" src=\"https:\/\/studienstiftung-grasedieck.de\/wordpress\/wp-content\/uploads\/2022\/07\/2017_ludgerusschule1.jpg\" alt=\"\" class=\"wp-image-274\" srcset=\"https:\/\/studienstiftung-grasedieck.de\/wordpress\/wp-content\/uploads\/2022\/07\/2017_ludgerusschule1.jpg 500w, https:\/\/studienstiftung-grasedieck.de\/wordpress\/wp-content\/uploads\/2022\/07\/2017_ludgerusschule1-300x200.jpg 300w\" sizes=\"auto, (max-width: 500px) 100vw, 500px\" \/><\/figure>\n\n\n\n<figure class=\"wp-block-image size-large\"><img loading=\"lazy\" decoding=\"async\" width=\"500\" height=\"333\" data-id=\"277\" src=\"https:\/\/studienstiftung-grasedieck.de\/wordpress\/wp-content\/uploads\/2022\/07\/2017_ludgerusschule3.jpg\" alt=\"\" class=\"wp-image-277\" srcset=\"https:\/\/studienstiftung-grasedieck.de\/wordpress\/wp-content\/uploads\/2022\/07\/2017_ludgerusschule3.jpg 500w, https:\/\/studienstiftung-grasedieck.de\/wordpress\/wp-content\/uploads\/2022\/07\/2017_ludgerusschule3-300x200.jpg 300w\" sizes=\"auto, (max-width: 500px) 100vw, 500px\" \/><\/figure>\n<\/figure>\n","protected":false},"excerpt":{"rendered":"<p>Vertreter der Studienstiftung Grasedieck haben am 22. Februar 2017 in der Bottroper Ludgerusschule einen Klassensatz von elf Apple-Computern (Laptop und I-Pad) im Wert von 8 000 Euro \u00fcbergeben. Durch den Einsatz der Computer werden die laufenden Projektarbeiten der Stiftung (20 Versuche im Sachkunde-Unterricht) erweitert, denn auch Grundsch\u00fcler sind jeden Tag mit den modernen Technologien konfrontiert. [&hellip;]<\/p>\n","protected":false},"author":2,"featured_media":0,"parent":2,"menu_order":0,"comment_status":"closed","ping_status":"closed","template":"","meta":{"footnotes":""},"class_list":["post-268","page","type-page","status-publish","hentry"],"_links":{"self":[{"href":"https:\/\/studienstiftung-grasedieck.de\/wordpress\/wp-json\/wp\/v2\/pages\/268","targetHints":{"allow":["GET"]}}],"collection":[{"href":"https:\/\/studienstiftung-grasedieck.de\/wordpress\/wp-json\/wp\/v2\/pages"}],"about":[{"href":"https:\/\/studienstiftung-grasedieck.de\/wordpress\/wp-json\/wp\/v2\/types\/page"}],"author":[{"embeddable":true,"href":"https:\/\/studienstiftung-grasedieck.de\/wordpress\/wp-json\/wp\/v2\/users\/2"}],"replies":[{"embeddable":true,"href":"https:\/\/studienstiftung-grasedieck.de\/wordpress\/wp-json\/wp\/v2\/comments?post=268"}],"version-history":[{"count":7,"href":"https:\/\/studienstiftung-grasedieck.de\/wordpress\/wp-json\/wp\/v2\/pages\/268\/revisions"}],"predecessor-version":[{"id":286,"href":"https:\/\/studienstiftung-grasedieck.de\/wordpress\/wp-json\/wp\/v2\/pages\/268\/revisions\/286"}],"up":[{"embeddable":true,"href":"https:\/\/studienstiftung-grasedieck.de\/wordpress\/wp-json\/wp\/v2\/pages\/2"}],"wp:attachment":[{"href":"https:\/\/studienstiftung-grasedieck.de\/wordpress\/wp-json\/wp\/v2\/media?parent=268"}],"curies":[{"name":"wp","href":"https:\/\/api.w.org\/{rel}","templated":true}]}}