{"id":248,"date":"2022-07-25T17:42:08","date_gmt":"2022-07-25T15:42:08","guid":{"rendered":"https:\/\/studienstiftung-grasedieck.de\/wordpress\/?page_id=248"},"modified":"2022-08-08T17:21:41","modified_gmt":"2022-08-08T15:21:41","slug":"informatik-studierende-besuchen-babes-bolyai-universitaet-in-cluj-napoca","status":"publish","type":"page","link":"https:\/\/studienstiftung-grasedieck.de\/wordpress\/projekte\/informatik-studierende-besuchen-babes-bolyai-universitaet-in-cluj-napoca\/","title":{"rendered":"Informatik-Studierende besuchen Babe\u015f-Bolyai Universit\u00e4t in Cluj-Napoca"},"content":{"rendered":"\n<p><em>08. M\u00e4rz 2019&nbsp;News Blog Studierende<\/em><\/p>\n\n\n\n<p>Gewinner wurden von der <strong>Studienstiftung Grasedieck <\/strong>zum mehrt\u00e4gigen Austausch eingeladen<\/p>\n\n\n\n<p>Bottrop, 13. M\u00e4rz 2019:&nbsp; Sechs Studierende aus dem ersten Semester des Studiengangs Angewandte Informatik besuchten Ende Februar die Babe\u015f-Bolyai Universit\u00e4t in Cluj-Napoca (Klausenburg), Rum\u00e4nien. Teilnehmen konnten die Gewinner eines Wettbewerbs, den die Studienstiftung Grasedieck ausgelobt hatte. Dazu mussten die Studierenden der Informatik-Studieng\u00e4nge fachspezifische Projektarbeiten einreichen. Die Gewinner wurden eingeladen, an dem mehrt\u00e4gigen Austausch mit Studierenden der Babe\u015f-Bolyai Universit\u00e4t teilzunehmen.<\/p>\n\n\n\n<p>Ende Februar reisten die Studierenden Maxim Benzler, Burak Budur, Elena Gr\u00fcnwald, Gereon Heinemann, Christopher Rzyska, Pierre-Michele Teichmann und Nico Zengeler (wissenschaftlicher Mitarbeiter) sowie Prof. Dr. Uwe Handmann (Exkursionsleitung) nach Cluj-Napoca. Neben einem ersten wissenschaftlichen Austausch mit Studierenden und Lehrenden vor Ort wollte man auch kulturelle Einblicke gewinnen.<\/p>\n\n\n\n<p>Am 24. Februar 2019 startete die Exkursion mit einem Flug von Dortmund nach Cluj-Napoca. Gleich nach der Ankunft wurde das Gep\u00e4ck in das universit\u00e4tseigene G\u00e4stehaus gebracht und dann ging es schon auf zu einem Rundgang durch die Altstadt. Der Tag endete mit der Vorbereitung der Workshops am n\u00e4chsten Tag und der gemeinsamen Konferenz, die am dritten Exkursionstag stattfinden w\u00fcrde.<\/p>\n\n\n\n<p>Am n\u00e4chsten Tag trafen sich die Exkursionsteilnehmer mit Studierenden der Babe\u015f-Bolyai Universit\u00e4t. Es waren Studierende aus den Fachdisziplinen Informatik und Wirtschaft vertreten. Nach einer feierlichen Begr\u00fc\u00dfung durch Vizerektor Prof. Dr. Rudolf Gr\u00e4f, Prof. Dr. Mihaela Dr\u0103gan (FSEGA), Dr. Christian Sacarea (Informatik) und Prof h.c. Dr. Dieter Grasedieck wurde in gro\u00dfer Runde und sp\u00e4ter in Kleingruppen an Themen aus den Bereichen Nachhaltigkeit und Digitalisierung gearbeitet und die Pr\u00e4sentationen f\u00fcr die Tagung vorbereitet. Den Abschluss dieses Exkursionstages bildete eine F\u00fchrung durch das Unternehmen MHP, Softwareberatungsfirma und Tochterunternehmen der Porsche AG, welches eng mit vielen Unternehmen aus der Automobilindustrie zusammenarbeitet.<\/p>\n\n\n\n<p>Am letzten Tag trafen sich Studierende, Lehrende und Vertreter aus der Wirtschaft, um gemeinsam \u00fcber das Thema Nachhaltigkeit und Digitalisierung auf einer Tagung zu diskutieren. Dabei wurden auch die Arbeiten der Studierendengruppe des Instituts Informatik zum Thema Digitalisierung und k\u00fcnstliche Intelligenz vorgestellt. Besonders spannend war der Beitrag eines E.ON-Unternehmensvertreters, der Einblicke in die Nachhaltigkeitsstrategie des Energiekonzerns gab und dabei die Entwicklung des Konzerns in den vergangenen Jahren verdeutlichte. Erm\u00f6glicht wurde diese Exkursion durch die finanzielle Unterst\u00fctzung der Studienstiftung Grasedieck, die in Zusammenarbeit mit Prof. Dr. Uwe Handmann diesen Austausch organisiert hatte. Das pers\u00f6nliche Kennenlernen hat bei allen Beteiligten viele positive Eindr\u00fccke hinterlassen. Vertieft werden kann die Zusammenarbeit \u00fcber eine Erasmus-Kooperation, die geplant wird.<\/p>\n\n\n\n<p>Quelle: <a href=\"https:\/\/www.hochschule-ruhr-west.de\/die-hrw\/news\/details\/informatik-studierende-besuchen-babes-bolyai-universitaet-in-cluj-napoca\/\" target=\"_blank\" rel=\"noreferrer noopener\">https:\/\/www.hochschule-ruhr-west.de\/die-hrw\/news\/details\/informatik-studierende-besuchen-babes-bolyai-universitaet-in-cluj-napoca\/<\/a><\/p>\n","protected":false},"excerpt":{"rendered":"<p>08. M\u00e4rz 2019&nbsp;News Blog Studierende Gewinner wurden von der Studienstiftung Grasedieck zum mehrt\u00e4gigen Austausch eingeladen Bottrop, 13. M\u00e4rz 2019:&nbsp; Sechs Studierende aus dem ersten Semester des Studiengangs Angewandte Informatik besuchten Ende Februar die Babe\u015f-Bolyai Universit\u00e4t in Cluj-Napoca (Klausenburg), Rum\u00e4nien. Teilnehmen konnten die Gewinner eines Wettbewerbs, den die Studienstiftung Grasedieck ausgelobt hatte. Dazu mussten die Studierenden [&hellip;]<\/p>\n","protected":false},"author":2,"featured_media":0,"parent":2,"menu_order":0,"comment_status":"closed","ping_status":"closed","template":"","meta":{"footnotes":""},"class_list":["post-248","page","type-page","status-publish","hentry"],"_links":{"self":[{"href":"https:\/\/studienstiftung-grasedieck.de\/wordpress\/wp-json\/wp\/v2\/pages\/248","targetHints":{"allow":["GET"]}}],"collection":[{"href":"https:\/\/studienstiftung-grasedieck.de\/wordpress\/wp-json\/wp\/v2\/pages"}],"about":[{"href":"https:\/\/studienstiftung-grasedieck.de\/wordpress\/wp-json\/wp\/v2\/types\/page"}],"author":[{"embeddable":true,"href":"https:\/\/studienstiftung-grasedieck.de\/wordpress\/wp-json\/wp\/v2\/users\/2"}],"replies":[{"embeddable":true,"href":"https:\/\/studienstiftung-grasedieck.de\/wordpress\/wp-json\/wp\/v2\/comments?post=248"}],"version-history":[{"count":3,"href":"https:\/\/studienstiftung-grasedieck.de\/wordpress\/wp-json\/wp\/v2\/pages\/248\/revisions"}],"predecessor-version":[{"id":356,"href":"https:\/\/studienstiftung-grasedieck.de\/wordpress\/wp-json\/wp\/v2\/pages\/248\/revisions\/356"}],"up":[{"embeddable":true,"href":"https:\/\/studienstiftung-grasedieck.de\/wordpress\/wp-json\/wp\/v2\/pages\/2"}],"wp:attachment":[{"href":"https:\/\/studienstiftung-grasedieck.de\/wordpress\/wp-json\/wp\/v2\/media?parent=248"}],"curies":[{"name":"wp","href":"https:\/\/api.w.org\/{rel}","templated":true}]}}