{"id":22,"date":"2022-07-19T11:42:34","date_gmt":"2022-07-19T09:42:34","guid":{"rendered":"https:\/\/studienstiftung-grasedieck.de\/wordpress\/?page_id=22"},"modified":"2022-12-18T10:58:08","modified_gmt":"2022-12-18T09:58:08","slug":"das-neue-museum-oeffnet-seine-tueren-2","status":"publish","type":"page","link":"https:\/\/studienstiftung-grasedieck.de\/wordpress\/","title":{"rendered":"Studienstiftung Grasedieck"},"content":{"rendered":"\n<h5 class=\"has-text-align-center has-larger-font-size wp-block-heading\">Wir f\u00f6rdern Wissenschaft und Bildung. Unser Ziel: Insbesondere Kinder und Jugendliche an das Hochschulstudium heranf\u00fchren.<\/h5>\n\n\n\n<div class=\"wp-block-columns alignfull is-layout-flex wp-container-core-columns-is-layout-9d6595d7 wp-block-columns-is-layout-flex\">\n<div class=\"wp-block-column is-layout-flow wp-block-column-is-layout-flow\">\n<div class=\"wp-block-cover alignfull\"><span aria-hidden=\"true\" class=\"wp-block-cover__background has-background-dim\"><\/span><img decoding=\"async\" class=\"wp-block-cover__image-background wp-image-37\" alt=\"\" src=\"https:\/\/studienstiftung-grasedieck.de\/wordpress\/wp-content\/themes\/twentytwenty\/assets\/images\/2020-three-quarters-2.png\" data-object-fit=\"cover\"\/><div class=\"wp-block-cover__inner-container is-layout-flow wp-block-cover-is-layout-flow\">\n<h3 class=\"has-white-color has-text-color wp-block-heading\"><a href=\"https:\/\/studienstiftung-grasedieck.de\/wordpress\/stiftung\/\" data-type=\"page\" data-id=\"77\">Die Stiftung<\/a><\/h3>\n\n\n\n<p class=\"has-text-align-left has-normal-font-size\">Lernen Sie unsere Stiftungsziele, die Satzung, das Kuratorium, Partner und Sponsoren kennen<\/p>\n\n\n\n<p><\/p>\n<\/div><\/div>\n<\/div>\n\n\n\n<div class=\"wp-block-column is-layout-flow wp-block-column-is-layout-flow\">\n<div class=\"wp-block-cover alignfull\"><span aria-hidden=\"true\" class=\"wp-block-cover__background has-background-dim\"><\/span><img decoding=\"async\" class=\"wp-block-cover__image-background wp-image-37\" alt=\"\" src=\"https:\/\/studienstiftung-grasedieck.de\/wordpress\/wp-content\/themes\/twentytwenty\/assets\/images\/2020-three-quarters-2.png\" data-object-fit=\"cover\"\/><div class=\"wp-block-cover__inner-container is-layout-flow wp-block-cover-is-layout-flow\">\n<h3 class=\"has-white-color has-text-color wp-block-heading\"><a href=\"https:\/\/studienstiftung-grasedieck.de\/wordpress\/bildungsangebot\/\" data-type=\"URL\" data-id=\"https:\/\/studienstiftung-grasedieck.de\/wordpress\/bildungsangebot\/\">Bildungsangebot<\/a><\/h3>\n\n\n\n<p class=\"has-text-align-left has-normal-font-size\">Wie Kinder lernen und warum Naturwissenschaften schon in der Grundschule wichtig sind<\/p>\n\n\n\n<p><\/p>\n<\/div><\/div>\n<\/div>\n\n\n\n<div class=\"wp-block-column is-layout-flow wp-block-column-is-layout-flow\">\n<div class=\"wp-block-cover alignfull\"><span aria-hidden=\"true\" class=\"wp-block-cover__background has-background-dim\"><\/span><img decoding=\"async\" class=\"wp-block-cover__image-background wp-image-37\" alt=\"\" src=\"https:\/\/studienstiftung-grasedieck.de\/wordpress\/wp-content\/themes\/twentytwenty\/assets\/images\/2020-three-quarters-3.png\" data-object-fit=\"cover\"\/><div class=\"wp-block-cover__inner-container is-layout-flow wp-block-cover-is-layout-flow\">\n<h3 class=\"has-white-color has-text-color wp-block-heading\"><a href=\"https:\/\/studienstiftung-grasedieck.de\/wordpress\/projekte\/\" data-type=\"page\" data-id=\"2\">Unsere Projekte<\/a><\/h3>\n\n\n\n<p class=\"has-text-align-left has-normal-font-size\">Vom Waldp\u00e4dagogischen Zentrum in Dorsten bis zum internationalen Hochschulaustausch<\/p>\n\n\n\n<p><\/p>\n<\/div><\/div>\n<\/div>\n<\/div>\n\n\n\n<p><\/p>\n\n\n\n<figure class=\"wp-block-gallery alignfull has-nested-images columns-6 is-cropped wp-block-gallery-1 is-layout-flex wp-block-gallery-is-layout-flex\">\n<figure class=\"wp-block-image size-full\"><img loading=\"lazy\" decoding=\"async\" width=\"500\" height=\"333\" data-id=\"283\" src=\"https:\/\/studienstiftung-grasedieck.de\/wordpress\/wp-content\/uploads\/2022\/07\/2017_ludgerusschule6.jpg\" alt=\"\" class=\"wp-image-283\" srcset=\"https:\/\/studienstiftung-grasedieck.de\/wordpress\/wp-content\/uploads\/2022\/07\/2017_ludgerusschule6.jpg 500w, https:\/\/studienstiftung-grasedieck.de\/wordpress\/wp-content\/uploads\/2022\/07\/2017_ludgerusschule6-300x200.jpg 300w\" sizes=\"auto, (max-width: 500px) 100vw, 500px\" \/><\/figure>\n\n\n\n<figure class=\"wp-block-image size-full\"><img loading=\"lazy\" decoding=\"async\" width=\"500\" height=\"333\" data-id=\"277\" src=\"https:\/\/studienstiftung-grasedieck.de\/wordpress\/wp-content\/uploads\/2022\/07\/2017_ludgerusschule3.jpg\" alt=\"\" class=\"wp-image-277\" srcset=\"https:\/\/studienstiftung-grasedieck.de\/wordpress\/wp-content\/uploads\/2022\/07\/2017_ludgerusschule3.jpg 500w, https:\/\/studienstiftung-grasedieck.de\/wordpress\/wp-content\/uploads\/2022\/07\/2017_ludgerusschule3-300x200.jpg 300w\" sizes=\"auto, (max-width: 500px) 100vw, 500px\" \/><\/figure>\n\n\n\n<figure class=\"wp-block-image size-full\"><img loading=\"lazy\" decoding=\"async\" width=\"768\" height=\"768\" data-id=\"275\" src=\"https:\/\/studienstiftung-grasedieck.de\/wordpress\/wp-content\/uploads\/2022\/07\/2017_ludgerusschule4.jpg\" alt=\"\" class=\"wp-image-275\" srcset=\"https:\/\/studienstiftung-grasedieck.de\/wordpress\/wp-content\/uploads\/2022\/07\/2017_ludgerusschule4.jpg 768w, https:\/\/studienstiftung-grasedieck.de\/wordpress\/wp-content\/uploads\/2022\/07\/2017_ludgerusschule4-300x300.jpg 300w, https:\/\/studienstiftung-grasedieck.de\/wordpress\/wp-content\/uploads\/2022\/07\/2017_ludgerusschule4-150x150.jpg 150w\" sizes=\"auto, (max-width: 768px) 100vw, 768px\" \/><\/figure>\n\n\n\n<figure class=\"wp-block-image size-full\"><img loading=\"lazy\" decoding=\"async\" width=\"1024\" height=\"736\" data-id=\"263\" src=\"https:\/\/studienstiftung-grasedieck.de\/wordpress\/wp-content\/uploads\/2022\/07\/2018-01-25_Grasedieck-Studienstiftung-Auszeichnung-1024x736-1.jpg\" alt=\"\" class=\"wp-image-263\" srcset=\"https:\/\/studienstiftung-grasedieck.de\/wordpress\/wp-content\/uploads\/2022\/07\/2018-01-25_Grasedieck-Studienstiftung-Auszeichnung-1024x736-1.jpg 1024w, https:\/\/studienstiftung-grasedieck.de\/wordpress\/wp-content\/uploads\/2022\/07\/2018-01-25_Grasedieck-Studienstiftung-Auszeichnung-1024x736-1-300x216.jpg 300w, https:\/\/studienstiftung-grasedieck.de\/wordpress\/wp-content\/uploads\/2022\/07\/2018-01-25_Grasedieck-Studienstiftung-Auszeichnung-1024x736-1-768x552.jpg 768w\" sizes=\"auto, (max-width: 1024px) 100vw, 1024px\" \/><\/figure>\n\n\n\n<figure class=\"wp-block-image size-full\"><img loading=\"lazy\" decoding=\"async\" width=\"900\" height=\"400\" data-id=\"361\" src=\"https:\/\/studienstiftung-grasedieck.de\/wordpress\/wp-content\/uploads\/2022\/08\/HRW_Grasedieck_Rumaenien-Exkursion.jpg\" alt=\"\" class=\"wp-image-361\" srcset=\"https:\/\/studienstiftung-grasedieck.de\/wordpress\/wp-content\/uploads\/2022\/08\/HRW_Grasedieck_Rumaenien-Exkursion.jpg 900w, https:\/\/studienstiftung-grasedieck.de\/wordpress\/wp-content\/uploads\/2022\/08\/HRW_Grasedieck_Rumaenien-Exkursion-300x133.jpg 300w, https:\/\/studienstiftung-grasedieck.de\/wordpress\/wp-content\/uploads\/2022\/08\/HRW_Grasedieck_Rumaenien-Exkursion-768x341.jpg 768w\" sizes=\"auto, (max-width: 900px) 100vw, 900px\" \/><\/figure>\n<\/figure>\n\n\n\n<div class=\"wp-block-group alignwide\"><div class=\"wp-block-group__inner-container is-layout-flow wp-block-group-is-layout-flow\">\n<h2 class=\"has-text-align-center has-accent-color has-text-color wp-block-heading\">\u201eUnsere Kinder und Jugendliche ben\u00f6tigen die Bef\u00e4higung zu mehr selbstgesteuertem Lernen vom Kindergarten bis zur Universit\u00e4t.\u201c<\/h2>\n<\/div><\/div>\n\n\n\n<p>Die Studienstiftung Grasedieck ist von den&nbsp;<strong>Eheleuten Christa und Dr. Dieter Grasedieck<\/strong>&nbsp;am 1. Januar 2013 ins Leben gerufen worden. Die Stifter arbeiteten in ihrem Berufsleben mit Auszubildenden und Studierenden an Berufskollegs und Universit\u00e4ten in der Berufsbildung und in der P\u00e4dagogik. <\/p>\n\n\n\n<p>Die positive Erfahrung bei der Arbeit mit den interessierten und motivierten jungen Menschen haben die Stifter veranlasst, Jugendliche in ihrer Berufs- und Hochschulbildung durch eine Studienstiftung zu f\u00f6rdern.<\/p>\n\n\n\n<p><\/p>\n\n\n\n<p>Festschrift der Studienstift Grasedieck zum 10j\u00e4hrigen Bestehen der Stiftung: <a href=\"https:\/\/studienstiftung-grasedieck.de\/wordpress\/Festschrift.pdf\">Festschrift<\/a><\/p>\n\n\n\n<p><\/p>\n","protected":false},"excerpt":{"rendered":"<p>Wir f\u00f6rdern Wissenschaft und Bildung. Unser Ziel: Insbesondere Kinder und Jugendliche an das Hochschulstudium heranf\u00fchren. \u201eUnsere Kinder und Jugendliche ben\u00f6tigen die Bef\u00e4higung zu mehr selbstgesteuertem Lernen vom Kindergarten bis zur Universit\u00e4t.\u201c Die Studienstiftung Grasedieck ist von den&nbsp;Eheleuten Christa und Dr. Dieter Grasedieck&nbsp;am 1. Januar 2013 ins Leben gerufen worden. Die Stifter arbeiteten in ihrem Berufsleben [&hellip;]<\/p>\n","protected":false},"author":2,"featured_media":366,"parent":0,"menu_order":0,"comment_status":"closed","ping_status":"closed","template":"templates\/template-cover.php","meta":{"footnotes":""},"class_list":["post-22","page","type-page","status-publish","has-post-thumbnail","hentry"],"_links":{"self":[{"href":"https:\/\/studienstiftung-grasedieck.de\/wordpress\/wp-json\/wp\/v2\/pages\/22","targetHints":{"allow":["GET"]}}],"collection":[{"href":"https:\/\/studienstiftung-grasedieck.de\/wordpress\/wp-json\/wp\/v2\/pages"}],"about":[{"href":"https:\/\/studienstiftung-grasedieck.de\/wordpress\/wp-json\/wp\/v2\/types\/page"}],"author":[{"embeddable":true,"href":"https:\/\/studienstiftung-grasedieck.de\/wordpress\/wp-json\/wp\/v2\/users\/2"}],"replies":[{"embeddable":true,"href":"https:\/\/studienstiftung-grasedieck.de\/wordpress\/wp-json\/wp\/v2\/comments?post=22"}],"version-history":[{"count":10,"href":"https:\/\/studienstiftung-grasedieck.de\/wordpress\/wp-json\/wp\/v2\/pages\/22\/revisions"}],"predecessor-version":[{"id":376,"href":"https:\/\/studienstiftung-grasedieck.de\/wordpress\/wp-json\/wp\/v2\/pages\/22\/revisions\/376"}],"wp:featuredmedia":[{"embeddable":true,"href":"https:\/\/studienstiftung-grasedieck.de\/wordpress\/wp-json\/wp\/v2\/media\/366"}],"wp:attachment":[{"href":"https:\/\/studienstiftung-grasedieck.de\/wordpress\/wp-json\/wp\/v2\/media?parent=22"}],"curies":[{"name":"wp","href":"https:\/\/api.w.org\/{rel}","templated":true}]}}