{"id":2,"date":"2022-06-08T19:34:07","date_gmt":"2022-06-08T17:34:07","guid":{"rendered":"https:\/\/studienstiftung-grasedieck.de\/wordpress\/?page_id=2"},"modified":"2025-12-04T11:42:30","modified_gmt":"2025-12-04T10:42:30","slug":"projekte","status":"publish","type":"page","link":"https:\/\/studienstiftung-grasedieck.de\/wordpress\/projekte\/","title":{"rendered":"Projekte"},"content":{"rendered":"<div class=\"wp-block-image\">\n<figure class=\"aligncenter size-full\"><a href=\"https:\/\/studienstiftung-grasedieck.de\/wordpress\/wp-content\/uploads\/2025\/12\/Bildung2025.jpg\"><img loading=\"lazy\" decoding=\"async\" width=\"494\" height=\"406\" src=\"https:\/\/studienstiftung-grasedieck.de\/wordpress\/wp-content\/uploads\/2025\/12\/Bildung2025.jpg\" alt=\"\" class=\"wp-image-487\" srcset=\"https:\/\/studienstiftung-grasedieck.de\/wordpress\/wp-content\/uploads\/2025\/12\/Bildung2025.jpg 494w, https:\/\/studienstiftung-grasedieck.de\/wordpress\/wp-content\/uploads\/2025\/12\/Bildung2025-300x247.jpg 300w\" sizes=\"auto, (max-width: 494px) 100vw, 494px\" \/><\/a><figcaption class=\"wp-element-caption\">WAZ: Dienstag, 25. November 2025<\/figcaption><\/figure>\n<\/div>\n\n\n<div class=\"wp-block-columns has-subtle-background-background-color has-background is-layout-flex wp-container-core-columns-is-layout-9d6595d7 wp-block-columns-is-layout-flex\">\n<div class=\"wp-block-column is-layout-flow wp-block-column-is-layout-flow\">\n<ul class=\"wp-block-list\">\n<li><a href=\"#musik\">Musikf\u00f6rderung<\/a><\/li>\n\n\n\n<li><a href=\"#wald\" data-type=\"internal\" data-id=\"#wald\">Waldp\u00e4dagogische Zentren<\/a><\/li>\n\n\n\n<li><a href=\"#bne\">Nachhaltigkeit in Grundschulen<\/a><\/li>\n<\/ul>\n<\/div>\n\n\n\n<div class=\"wp-block-column is-layout-flow wp-block-column-is-layout-flow\">\n<ul class=\"wp-block-list\">\n<li><a href=\"#hochschule\">Hochschule<\/a><\/li>\n\n\n\n<li><a href=\"#schulen\">Schulen &amp; berufliche Bildung<\/a><\/li>\n<\/ul>\n<\/div>\n<\/div>\n\n\n\n<div class=\"wp-block-group alignwide\"><div class=\"wp-block-group__inner-container is-layout-flow wp-block-group-is-layout-flow\">\n<div class=\"wp-block-columns alignwide is-layout-flex wp-container-core-columns-is-layout-9d6595d7 wp-block-columns-is-layout-flex\">\n<div class=\"wp-block-column is-layout-flow wp-block-column-is-layout-flow\" style=\"flex-basis:25%\"><div class=\"wp-block-image\">\n<figure class=\"aligncenter size-full\"><img loading=\"lazy\" decoding=\"async\" width=\"240\" height=\"240\" src=\"https:\/\/studienstiftung-grasedieck.de\/wordpress\/wp-content\/uploads\/2022\/07\/iconmonstr-light-bulb-12-240.png\" alt=\"\" class=\"wp-image-158\" srcset=\"https:\/\/studienstiftung-grasedieck.de\/wordpress\/wp-content\/uploads\/2022\/07\/iconmonstr-light-bulb-12-240.png 240w, https:\/\/studienstiftung-grasedieck.de\/wordpress\/wp-content\/uploads\/2022\/07\/iconmonstr-light-bulb-12-240-150x150.png 150w\" sizes=\"auto, (max-width: 240px) 100vw, 240px\" \/><\/figure>\n<\/div><\/div>\n\n\n\n<div class=\"wp-block-column is-layout-flow wp-block-column-is-layout-flow\">\n<h2 class=\"wp-block-heading\" id=\"musik\">Musikf\u00f6rderung<\/h2>\n\n\n\n<p class=\"has-normal-font-size\">Sch\u00fcler\/innen der 5. Klasse wird ein instrumentalpraktisches Musizieren angeboten. Die Kinder lernen die Grundlagen des Spiels auf ihrem Wunschinstrument kennen und praktizieren das gemeinsame Musizieren in einem Orchester.<\/p>\n\n\n\n<h5 class=\"wp-block-heading\">Berichte<\/h5>\n\n\n\n<ul class=\"wp-block-list\">\n<li><a href=\"https:\/\/studienstiftung-grasedieck.de\/wordpress\/wp-content\/uploads\/2023\/03\/Jugend-und-Schule.pdf\">F\u00f6rderung des Streichorchesters (15.03.2023)<\/a><\/li>\n\n\n\n<li><a href=\"https:\/\/studienstiftung-grasedieck.de\/wordpress\/wp-content\/uploads\/2023\/03\/Wurzelwelten.pdf\">Theater f\u00fcr Grundsch\u00fcler (22.03.2023)<\/a> <\/li>\n\n\n\n<li><a rel=\"noreferrer noopener\" href=\"https:\/\/studienstiftung-grasedieck.de\/wordpress\/wp-content\/uploads\/2022\/07\/Freude_an_Musik.jpeg\" data-type=\"attachment\" data-id=\"235\" target=\"_blank\">Die Freude an der Musik unterst\u00fctzen (Stadtspiegel Bottrop: 07.10.2020)<\/a><\/li>\n\n\n\n<li><a rel=\"noreferrer noopener\" href=\"https:\/\/studienstiftung-grasedieck.de\/wordpress\/wp-content\/uploads\/2022\/07\/Orchesterklasse.jpeg\" data-type=\"attachment\" data-id=\"236\" target=\"_blank\">Stiftung f\u00f6rdert Orchesterklasse (WAZ Bottrop: 29.09.2020)<\/a><\/li>\n\n\n\n<li><a href=\"https:\/\/studienstiftung-grasedieck.de\/wordpress\/spende-an-musikschule-uebergeben\/\" data-type=\"page\" data-id=\"439\">Spende an Musikschule \u00fcbergeben (BOZ: 14.11.2021)<\/a><\/li>\n<\/ul>\n<\/div>\n<\/div>\n<\/div><\/div>\n\n\n\n<hr class=\"wp-block-separator alignwide has-text-color has-accent-color has-alpha-channel-opacity has-accent-background-color has-background is-style-default\"\/>\n\n\n\n<div class=\"wp-block-group alignwide\"><div class=\"wp-block-group__inner-container is-layout-flow wp-block-group-is-layout-flow\">\n<div class=\"wp-block-columns alignwide is-layout-flex wp-container-core-columns-is-layout-9d6595d7 wp-block-columns-is-layout-flex\">\n<div class=\"wp-block-column is-layout-flow wp-block-column-is-layout-flow\" style=\"flex-basis:25%\"><div class=\"wp-block-image\">\n<figure class=\"aligncenter size-full is-resized\"><img loading=\"lazy\" decoding=\"async\" width=\"240\" height=\"240\" src=\"https:\/\/studienstiftung-grasedieck.de\/wordpress\/wp-content\/uploads\/2022\/07\/iconmonstr-light-bulb-12-240.png\" alt=\"\" class=\"wp-image-158\" style=\"width:180px;height:180px\" srcset=\"https:\/\/studienstiftung-grasedieck.de\/wordpress\/wp-content\/uploads\/2022\/07\/iconmonstr-light-bulb-12-240.png 240w, https:\/\/studienstiftung-grasedieck.de\/wordpress\/wp-content\/uploads\/2022\/07\/iconmonstr-light-bulb-12-240-150x150.png 150w\" sizes=\"auto, (max-width: 240px) 100vw, 240px\" \/><\/figure>\n<\/div><\/div>\n\n\n\n<div class=\"wp-block-column is-layout-flow wp-block-column-is-layout-flow\">\n<h2 class=\"wp-block-heading\" id=\"wald\">Waldp\u00e4dagogische Zentren<\/h2>\n\n\n\n<p class=\"has-normal-font-size\">Alle Kinder der 1. Klasse der Bottroper Grundschulen pflanzen einen Setzling in ein \u201eKlassenbeet\u201c. In der 4. Klasse wird der kleine Baum ausgepflanzt. Die Kinder lernen, wie lebensnotwendig der Wald f\u00fcr ihr Leben ist. <\/p>\n\n\n\n<h5 class=\"wp-block-heading\">Berichte<\/h5>\n\n\n\n<ul class=\"wp-block-list\">\n<li><a rel=\"noreferrer noopener\" href=\"https:\/\/studienstiftung-grasedieck.de\/wordpress\/wp-content\/uploads\/2022\/07\/WaldpaedZentrum1.jpeg\" data-type=\"attachment\" data-id=\"237\" target=\"_blank\">Grasedieck-Stiftung f\u00f6rdert k\u00fcnftig das Waldp\u00e4dagogische Zentrum (Dorstener Zeitung: 20.12.2020)<\/a><\/li>\n\n\n\n<li><a rel=\"noreferrer noopener\" href=\"https:\/\/studienstiftung-grasedieck.de\/wordpress\/wp-content\/uploads\/2022\/07\/WAZ_20_12_2020.jpeg\" target=\"_blank\">Studienstiftung f\u00f6rdert Pflanzaktion (WAZ Bottrop: 16.12.2020)<\/a><\/li>\n\n\n\n<li><a href=\"https:\/\/studienstiftung-grasedieck.de\/wordpress\/viertklaessler-pflanzen-ueber-2000-baeume\/\" data-type=\"page\" data-id=\"418\">Viertkl\u00e4ssler pflanzen \u00fcber 2000 B\u00e4ume (BOZ: 04\/2025)<\/a><\/li>\n<\/ul>\n<\/div>\n<\/div>\n<\/div><\/div>\n\n\n\n<hr class=\"wp-block-separator alignwide has-text-color has-accent-color has-alpha-channel-opacity has-accent-background-color has-background is-style-default\"\/>\n\n\n\n<div class=\"wp-block-group alignwide\"><div class=\"wp-block-group__inner-container is-layout-flow wp-block-group-is-layout-flow\">\n<div class=\"wp-block-columns alignwide is-layout-flex wp-container-core-columns-is-layout-9d6595d7 wp-block-columns-is-layout-flex\">\n<div class=\"wp-block-column is-layout-flow wp-block-column-is-layout-flow\" style=\"flex-basis:25%\"><div class=\"wp-block-image\">\n<figure class=\"aligncenter size-full is-resized\"><img loading=\"lazy\" decoding=\"async\" width=\"240\" height=\"240\" src=\"https:\/\/studienstiftung-grasedieck.de\/wordpress\/wp-content\/uploads\/2022\/07\/iconmonstr-light-bulb-12-240.png\" alt=\"\" class=\"wp-image-158\" style=\"width:180px;height:180px\" srcset=\"https:\/\/studienstiftung-grasedieck.de\/wordpress\/wp-content\/uploads\/2022\/07\/iconmonstr-light-bulb-12-240.png 240w, https:\/\/studienstiftung-grasedieck.de\/wordpress\/wp-content\/uploads\/2022\/07\/iconmonstr-light-bulb-12-240-150x150.png 150w\" sizes=\"auto, (max-width: 240px) 100vw, 240px\" \/><\/figure>\n<\/div><\/div>\n\n\n\n<div class=\"wp-block-column is-layout-flow wp-block-column-is-layout-flow\">\n<h2 class=\"wp-block-heading\" id=\"bne\">Nachhaltigkeit in Grundschulen<\/h2>\n\n\n\n<p class=\"has-normal-font-size\">Das Figurentheater will durch die Verbindung von Puppentheater und Schule zur \u00d6kologie; Politik und Naturwissenschaft hinf\u00fchren. Nach der Auff\u00fchrung erstellen die Kinder nachhaltige Projekte im Schulgarten. <\/p>\n\n\n\n<h5 class=\"wp-block-heading\">Berichte<\/h5>\n\n\n\n<ul class=\"wp-block-list\">\n<li><a rel=\"noreferrer noopener\" href=\"https:\/\/studienstiftung-grasedieck.de\/wordpress\/wp-content\/uploads\/2022\/07\/2019_Grundschueler-Nachhaltigkeit-2.pdf\" target=\"_blank\">Gregorsch\u00fcler sind M\u00fcllexperten (WAZ Bottrop: 28.06.2019)<\/a><\/li>\n\n\n\n<li><a href=\"https:\/\/studienstiftung-grasedieck.de\/wordpress\/grundschulkinder-erleben-figurentheater-und-meereswelten\/\" data-type=\"page\" data-id=\"437\">Grundschulkinder erleben Figurentheater und Meereswelten (Stadt Bottrop)<\/a><\/li>\n<\/ul>\n<\/div>\n<\/div>\n<\/div><\/div>\n\n\n\n<hr class=\"wp-block-separator alignwide has-text-color has-accent-color has-alpha-channel-opacity has-accent-background-color has-background is-style-default\"\/>\n\n\n\n<div class=\"wp-block-group alignwide\"><div class=\"wp-block-group__inner-container is-layout-flow wp-block-group-is-layout-flow\">\n<div class=\"wp-block-columns alignwide is-layout-flex wp-container-core-columns-is-layout-9d6595d7 wp-block-columns-is-layout-flex\">\n<div class=\"wp-block-column is-layout-flow wp-block-column-is-layout-flow\" style=\"flex-basis:25%\"><div class=\"wp-block-image\">\n<figure class=\"aligncenter size-full is-resized\"><img loading=\"lazy\" decoding=\"async\" width=\"240\" height=\"240\" src=\"https:\/\/studienstiftung-grasedieck.de\/wordpress\/wp-content\/uploads\/2022\/07\/iconmonstr-light-bulb-12-240.png\" alt=\"\" class=\"wp-image-158\" style=\"width:180px;height:180px\" srcset=\"https:\/\/studienstiftung-grasedieck.de\/wordpress\/wp-content\/uploads\/2022\/07\/iconmonstr-light-bulb-12-240.png 240w, https:\/\/studienstiftung-grasedieck.de\/wordpress\/wp-content\/uploads\/2022\/07\/iconmonstr-light-bulb-12-240-150x150.png 150w\" sizes=\"auto, (max-width: 240px) 100vw, 240px\" \/><\/figure>\n<\/div><\/div>\n\n\n\n<div class=\"wp-block-column is-layout-flow wp-block-column-is-layout-flow\">\n<h2 class=\"wp-block-heading\" id=\"hochschule\">Hochschule<\/h2>\n\n\n\n<p class=\"has-normal-font-size\">Die Verbindung von Digitalisierung und Nachhaltigkeit wird in Projekten der Hochschulen und durch gemeinsames Lernen mit Studierenden der Babes Bolyai Universit\u00e4t \u00fcber \u201eZoom\u201c oder bei Besuchen in Cluj erarbeitet.<\/p>\n\n\n\n<h5 class=\"wp-block-heading\">Berichte<\/h5>\n\n\n\n<ul class=\"wp-block-list\">\n<li><a href=\"https:\/\/studienstiftung-grasedieck.de\/wordpress\/wp-content\/uploads\/2022\/07\/2019_Zirkulaere-Wertschoepfung.pdf\" target=\"_blank\" rel=\"noreferrer noopener\">Ideenschmiede zieht ein ins ehemalige Gr\u00fcnderzentrum (WAZ Bottrop: 2. September 2019)<\/a><\/li>\n\n\n\n<li><a href=\"https:\/\/studienstiftung-grasedieck.de\/wordpress\/informatik-studierende-besuchen-babes-bolyai-universitaet-in-cluj-napoca\/\" data-type=\"page\" data-id=\"248\">Informatik-Studierende besuchen Babe\u015f-Bolyai Universit\u00e4t in Cluj-Napoca (News Blog Studierende: 08. M\u00e4rz 2019)<\/a><\/li>\n\n\n\n<li><a href=\"https:\/\/studienstiftung-grasedieck.de\/wordpress\/studienstiftung-grasedieck-zeichnet-zwei-masterarbeiten-aus\/\" data-type=\"page\" data-id=\"259\">Studienstiftung Grasedieck zeichnet zwei Masterarbeiten aus (2018)<\/a><\/li>\n<\/ul>\n<\/div>\n<\/div>\n<\/div><\/div>\n\n\n\n<hr class=\"wp-block-separator alignwide has-text-color has-accent-color has-alpha-channel-opacity has-accent-background-color has-background is-style-default\"\/>\n\n\n\n<div class=\"wp-block-group alignwide\"><div class=\"wp-block-group__inner-container is-layout-flow wp-block-group-is-layout-flow\">\n<div class=\"wp-block-columns alignwide is-layout-flex wp-container-core-columns-is-layout-9d6595d7 wp-block-columns-is-layout-flex\">\n<div class=\"wp-block-column is-layout-flow wp-block-column-is-layout-flow\" style=\"flex-basis:25%\"><div class=\"wp-block-image\">\n<figure class=\"aligncenter size-full is-resized\"><img loading=\"lazy\" decoding=\"async\" width=\"240\" height=\"240\" src=\"https:\/\/studienstiftung-grasedieck.de\/wordpress\/wp-content\/uploads\/2022\/07\/iconmonstr-light-bulb-12-240.png\" alt=\"\" class=\"wp-image-158\" style=\"width:180px;height:180px\" srcset=\"https:\/\/studienstiftung-grasedieck.de\/wordpress\/wp-content\/uploads\/2022\/07\/iconmonstr-light-bulb-12-240.png 240w, https:\/\/studienstiftung-grasedieck.de\/wordpress\/wp-content\/uploads\/2022\/07\/iconmonstr-light-bulb-12-240-150x150.png 150w\" sizes=\"auto, (max-width: 240px) 100vw, 240px\" \/><\/figure>\n<\/div><\/div>\n\n\n\n<div class=\"wp-block-column is-layout-flow wp-block-column-is-layout-flow\">\n<h2 class=\"wp-block-heading\" id=\"schulen\">Schulen &amp; berufliche Bildung<\/h2>\n\n\n\n<p class=\"has-normal-font-size\">Praxisprojekte werden von den Studierenden im Rahmen der Unterrichtsreihe Projektmanagement erarbeitet und vor der Wirtschaft pr\u00e4sentiert. Weiterhin werden Praktika in Irland und Malta gef\u00f6rdert.<\/p>\n\n\n\n<h5 class=\"wp-block-heading\">Berichte<\/h5>\n\n\n\n<ul class=\"wp-block-list\">\n<li><a href=\"https:\/\/studienstiftung-grasedieck.de\/wordpress\/projekte\/studienstiftung-grasedieck-uebergibt-spende-in-hoehe-von-8-000-euro\/\" data-type=\"page\" data-id=\"268\">Studienstiftung Grasedieck \u00fcbergibt Spende in H\u00f6he von 8.000 Euro (2017)<\/a><\/li>\n\n\n\n<li><a href=\"https:\/\/studienstiftung-grasedieck.de\/wordpress\/studienstiftung-grasedieck-zeichnet-junge-handwerksgesellen-aus\/\" data-type=\"page\" data-id=\"304\">Studienstiftung Grasedieck zeichnet junge Handwerksgesellen aus (2017)<\/a><\/li>\n\n\n\n<li><a href=\"https:\/\/studienstiftung-grasedieck.de\/wordpress\/gedenktafel-im-lichthof-erinnert-an-graeueltaten-aus-der-ns-zeit\/\" data-type=\"page\" data-id=\"441\">Gedenktafel im Lichthof erinnert an Gr\u00e4ueltaten aus der NS-Zeit (BOZ: 20.11.2023)<\/a><\/li>\n\n\n\n<li><a href=\"https:\/\/studienstiftung-grasedieck.de\/wordpress\/verkehrssicherheit-hautnah-erleben-projekttag-zu-mobilitaet-und-co-am-bkb\/\" data-type=\"page\" data-id=\"443\">Verkehrssicherheit hautnah erleben: Projekttag zu Mobilit\u00e4t und Co. am BKB (2024)<\/a><\/li>\n<\/ul>\n<\/div>\n<\/div>\n<\/div><\/div>\n\n\n\n<p><\/p>\n","protected":false},"excerpt":{"rendered":"<p>Musikf\u00f6rderung Sch\u00fcler\/innen der 5. Klasse wird ein instrumentalpraktisches Musizieren angeboten. Die Kinder lernen die Grundlagen des Spiels auf ihrem Wunschinstrument kennen und praktizieren das gemeinsame Musizieren in einem Orchester. Berichte Waldp\u00e4dagogische Zentren Alle Kinder der 1. Klasse der Bottroper Grundschulen pflanzen einen Setzling in ein \u201eKlassenbeet\u201c. In der 4. Klasse wird der kleine Baum ausgepflanzt. [&hellip;]<\/p>\n","protected":false},"author":2,"featured_media":0,"parent":0,"menu_order":0,"comment_status":"closed","ping_status":"open","template":"","meta":{"footnotes":""},"class_list":["post-2","page","type-page","status-publish","hentry"],"_links":{"self":[{"href":"https:\/\/studienstiftung-grasedieck.de\/wordpress\/wp-json\/wp\/v2\/pages\/2","targetHints":{"allow":["GET"]}}],"collection":[{"href":"https:\/\/studienstiftung-grasedieck.de\/wordpress\/wp-json\/wp\/v2\/pages"}],"about":[{"href":"https:\/\/studienstiftung-grasedieck.de\/wordpress\/wp-json\/wp\/v2\/types\/page"}],"author":[{"embeddable":true,"href":"https:\/\/studienstiftung-grasedieck.de\/wordpress\/wp-json\/wp\/v2\/users\/2"}],"replies":[{"embeddable":true,"href":"https:\/\/studienstiftung-grasedieck.de\/wordpress\/wp-json\/wp\/v2\/comments?post=2"}],"version-history":[{"count":10,"href":"https:\/\/studienstiftung-grasedieck.de\/wordpress\/wp-json\/wp\/v2\/pages\/2\/revisions"}],"predecessor-version":[{"id":490,"href":"https:\/\/studienstiftung-grasedieck.de\/wordpress\/wp-json\/wp\/v2\/pages\/2\/revisions\/490"}],"wp:attachment":[{"href":"https:\/\/studienstiftung-grasedieck.de\/wordpress\/wp-json\/wp\/v2\/media?parent=2"}],"curies":[{"name":"wp","href":"https:\/\/api.w.org\/{rel}","templated":true}]}}